{"id":3707,"date":"2024-03-18T18:44:20","date_gmt":"2024-03-18T17:44:20","guid":{"rendered":"https:\/\/aresdental.rework.agency\/datenschutzrichtlinie\/"},"modified":"2024-05-13T15:52:34","modified_gmt":"2024-05-13T13:52:34","slug":"datenschutzrichtlinie","status":"publish","type":"page","link":"https:\/\/aresdental.lu\/de\/datenschutzrichtlinie\/","title":{"rendered":"Datenschutzrichtlinie"},"content":{"rendered":"\t\t<div data-elementor-type=\"wp-page\" data-elementor-id=\"3707\" class=\"elementor elementor-3707 elementor-3\" data-elementor-post-type=\"page\">\n\t\t\t\t<div class=\"elementor-element elementor-element-4f0554f e-flex e-con-boxed e-con e-parent\" data-id=\"4f0554f\" data-element_type=\"container\" data-settings=\"{&quot;background_background&quot;:&quot;classic&quot;}\">\n\t\t\t\t\t<div class=\"e-con-inner\">\n\t\t\t\t\t<\/div>\n\t\t\t\t<\/div>\n\t\t<div class=\"elementor-element elementor-element-28e70c4 e-flex e-con-boxed e-con e-parent\" data-id=\"28e70c4\" data-element_type=\"container\">\n\t\t\t\t\t<div class=\"e-con-inner\">\n\t\t\t\t<div class=\"elementor-element elementor-element-72a2acf0 elementor-widget elementor-widget-text-editor\" data-id=\"72a2acf0\" data-element_type=\"widget\" data-widget_type=\"text-editor.default\">\n\t\t\t\t<div class=\"elementor-widget-container\">\n\t\t\t\t\t\t\t\t\t<p>Diese Richtlinie soll Sie dar\u00fcber informieren, wie wir, ARES DENTAL, der f\u00fcr die Verarbeitung Verantwortliche, Ihre pers\u00f6nlichen Daten verwenden und sch\u00fctzen, und warum wir Ihre Daten verarbeiten.<\/p>\n<h5><strong>1. Welche pers\u00f6nlichen Daten sammeln wir?<\/strong><\/h5>\n<p>Die pers\u00f6nlichen Daten, die uns anvertraut werden, sind Ihr Name, Vorname, Adresse, Telefonnummer und E-Mail-Adresse. Wir bem\u00fchen uns, die von uns erfassten personenbezogenen Daten auf das zu beschr\u00e4nken, was f\u00fcr die Verwaltung unserer Kunden, Interessenten oder Lieferanten und die Einhaltung unserer gesetzlichen Verpflichtungen erforderlich ist. Wir behandeln sie mit der gr\u00f6\u00dften Aufmerksamkeit und dem gr\u00f6\u00dften Respekt.<\/p>\n<h5><strong>2. Wie erfassen wir Ihre pers\u00f6nlichen Daten?<\/strong><\/h5>\n<p>Wir sammeln pers\u00f6nliche Daten entweder direkt bei Ihnen, per Papierformular, Telefon oder Internet, oder sie werden uns von einem Dritten \u00fcbermittelt, dem Sie Ihre Zustimmung gegeben haben.<\/p>\n<h5><strong>3. Was sind die rechtlichen Grundlagen f\u00fcr die Verwendung Ihrer personenbezogenen Daten?<\/strong><\/h5>\n<p>Wir m\u00fcssen Ihre Daten verarbeiten, um Ihre Anfrage nach Informationen zu bearbeiten und um die Erf\u00fcllung des Kauf- oder Dienstleistungsvertrags zu verwalten. Wir k\u00f6nnen Ihre personenbezogenen Daten auch im Rahmen gesetzlicher Verpflichtungen verwenden.<\/p>\n<h5><strong>4. An welche Empf\u00e4nger k\u00f6nnen Ihre pers\u00f6nlichen Daten weitergegeben werden?<\/strong><\/h5>\n<p>Um die oben genannten Zwecke zu erf\u00fcllen, k\u00f6nnen wir einige Ihrer pers\u00f6nlichen Daten an drei Arten von Empf\u00e4ngern weitergeben:<\/p>\n<ul>\n<li>an die Transportunternehmen bei Bestellungen von Produkten ;<\/li>\n<li>an unseren zuverl\u00e4ssigen Anbieter f\u00fcr den Versand von Newslettern (nur E-Mail-Adresse) ;<\/li>\n<li>an Justiz- oder Verwaltungsbeh\u00f6rden im Rahmen gesetzlicher Verpflichtungen.<\/li>\n<\/ul>\n<br>\n<p>In keinem Fall geben wir Ihre Daten ohne Ihre Zustimmung an Dritte weiter.<\/p>\n<h5><strong>5. Wie und wo speichern wir Ihre pers\u00f6nlichen Daten?<\/strong><\/h5>\n<p>Die pers\u00f6nlichen Daten, die wir speichern, werden auf unseren Computern, in einigen F\u00e4llen auf unseren Mobiltelefonen und bei unserem Webhoster gespeichert. Wir unternehmen alle Anstrengungen, um pers\u00f6nliche Daten auf die sicherste und sicherste Weise zu speichern und sie nur so lange wie n\u00f6tig aufzubewahren. Wir ergreifen angemessene physische, technische und organisatorische Ma\u00dfnahmen, um eine Verletzung der pers\u00f6nlichen Daten so weit wie m\u00f6glich zu verhindern.<\/p>\n<h5><strong>6. Wie lange speichern wir Ihre pers\u00f6nlichen Daten?<\/strong><\/h5>\n<p>Wir speichern Ihre pers\u00f6nlichen Daten f\u00fcr den Zeitraum, der f\u00fcr unsere Beziehung erforderlich ist, zuz\u00fcglich 5 Jahre, es sei denn, es besteht eine l\u00e4ngere gesetzliche oder beh\u00f6rdliche Verpflichtung.<\/p>\n<h5><strong>7. Aus\u00fcbung Ihrer Rechte<\/strong><\/h5>\n<p>Sie haben ein Recht auf Zugang, Berichtigung, L\u00f6schung und \u00dcbertragbarkeit Ihrer bei uns gespeicherten personenbezogenen Daten, das Sie direkt bei ARES DENTAL aus\u00fcben k\u00f6nnen, indem Sie einen einfachen Antrag per Telefon, E-Mail, Kontaktformular oder Post stellen und eine Kopie der Vorder- und R\u00fcckseite eines Identit\u00e4tsnachweises beif\u00fcgen.<\/p>\n<p>Gem\u00e4\u00df den geltenden Vorschriften haben Sie das Recht, eine Beschwerde bei der CNIL einzureichen.<\/p>\t\t\t\t\t\t\t\t<\/div>\n\t\t\t\t<\/div>\n\t\t\t\t\t<\/div>\n\t\t\t\t<\/div>\n\t\t\t\t<\/div>\n\t\t","protected":false},"excerpt":{"rendered":"<p>Diese Richtlinie soll Sie dar\u00fcber informieren, wie wir, ARES DENTAL, der f\u00fcr die Verarbeitung Verantwortliche, Ihre pers\u00f6nlichen Daten verwenden und sch\u00fctzen, und warum wir Ihre Daten verarbeiten. 1. Welche pers\u00f6nlichen Daten sammeln wir? Die pers\u00f6nlichen Daten, die uns anvertraut werden, sind Ihr Name, Vorname, Adresse, Telefonnummer und E-Mail-Adresse. Wir bem\u00fchen uns, die von uns erfassten [&hellip;]<\/p>\n","protected":false},"author":1,"featured_media":0,"parent":0,"menu_order":0,"comment_status":"closed","ping_status":"open","template":"","meta":{"_acf_changed":false,"footnotes":""},"class_list":["post-3707","page","type-page","status-publish","hentry"],"acf":[],"yoast_head":"<!-- This site is optimized with the Yoast SEO plugin v24.6 - https:\/\/yoast.com\/wordpress\/plugins\/seo\/ -->\n<title>Datenschutzrichtlinie - Ares Dental<\/title>\n<meta name=\"robots\" content=\"index, follow, max-snippet:-1, max-image-preview:large, max-video-preview:-1\" \/>\n<link rel=\"canonical\" href=\"https:\/\/aresdental.lu\/de\/datenschutzrichtlinie\/\" \/>\n<meta property=\"og:locale\" content=\"de_DE\" \/>\n<meta property=\"og:type\" content=\"article\" \/>\n<meta property=\"og:title\" content=\"Datenschutzrichtlinie - Ares Dental\" \/>\n<meta property=\"og:description\" content=\"Diese Richtlinie soll Sie dar\u00fcber informieren, wie wir, ARES DENTAL, der f\u00fcr die Verarbeitung Verantwortliche, Ihre pers\u00f6nlichen Daten verwenden und sch\u00fctzen, und warum wir Ihre Daten verarbeiten. 1. Welche pers\u00f6nlichen Daten sammeln wir? Die pers\u00f6nlichen Daten, die uns anvertraut werden, sind Ihr Name, Vorname, Adresse, Telefonnummer und E-Mail-Adresse. Wir bem\u00fchen uns, die von uns erfassten [&hellip;]\" \/>\n<meta property=\"og:url\" content=\"https:\/\/aresdental.lu\/de\/datenschutzrichtlinie\/\" \/>\n<meta property=\"og:site_name\" content=\"Ares Dental\" \/>\n<meta property=\"article:publisher\" content=\"https:\/\/www.facebook.com\/profile.php?id=100095503992930\" \/>\n<meta property=\"article:modified_time\" content=\"2024-05-13T13:52:34+00:00\" \/>\n<meta property=\"og:image\" content=\"https:\/\/aresdental.lu\/wp-content\/uploads\/2024\/03\/cabinetref.png\" \/>\n\t<meta property=\"og:image:width\" content=\"726\" \/>\n\t<meta property=\"og:image:height\" content=\"542\" \/>\n\t<meta property=\"og:image:type\" content=\"image\/png\" \/>\n<meta name=\"twitter:card\" content=\"summary_large_image\" \/>\n<meta name=\"twitter:label1\" content=\"Gesch\u00e4tzte Lesezeit\" \/>\n\t<meta name=\"twitter:data1\" content=\"2\u00a0Minuten\" \/>\n<script type=\"application\/ld+json\" class=\"yoast-schema-graph\">{\"@context\":\"https:\/\/schema.org\",\"@graph\":[{\"@type\":\"WebPage\",\"@id\":\"https:\/\/aresdental.lu\/de\/datenschutzrichtlinie\/\",\"url\":\"https:\/\/aresdental.lu\/de\/datenschutzrichtlinie\/\",\"name\":\"Datenschutzrichtlinie - Ares Dental\",\"isPartOf\":{\"@id\":\"https:\/\/aresdental.lu\/de\/#website\"},\"datePublished\":\"2024-03-18T17:44:20+00:00\",\"dateModified\":\"2024-05-13T13:52:34+00:00\",\"breadcrumb\":{\"@id\":\"https:\/\/aresdental.lu\/de\/datenschutzrichtlinie\/#breadcrumb\"},\"inLanguage\":\"de\",\"potentialAction\":[{\"@type\":\"ReadAction\",\"target\":[\"https:\/\/aresdental.lu\/de\/datenschutzrichtlinie\/\"]}]},{\"@type\":\"BreadcrumbList\",\"@id\":\"https:\/\/aresdental.lu\/de\/datenschutzrichtlinie\/#breadcrumb\",\"itemListElement\":[{\"@type\":\"ListItem\",\"position\":1,\"name\":\"Accueil\",\"item\":\"https:\/\/aresdental.lu\/de\/\"},{\"@type\":\"ListItem\",\"position\":2,\"name\":\"Datenschutzrichtlinie\"}]},{\"@type\":\"WebSite\",\"@id\":\"https:\/\/aresdental.lu\/de\/#website\",\"url\":\"https:\/\/aresdental.lu\/de\/\",\"name\":\"Ares Dental\",\"description\":\"Centre dentaire Luxembourg - Dentiste sp\u00e9cialiste\",\"publisher\":{\"@id\":\"https:\/\/aresdental.lu\/de\/#organization\"},\"alternateName\":\"Ares Dental\",\"potentialAction\":[{\"@type\":\"SearchAction\",\"target\":{\"@type\":\"EntryPoint\",\"urlTemplate\":\"https:\/\/aresdental.lu\/de\/?s={search_term_string}\"},\"query-input\":{\"@type\":\"PropertyValueSpecification\",\"valueRequired\":true,\"valueName\":\"search_term_string\"}}],\"inLanguage\":\"de\"},{\"@type\":\"Organization\",\"@id\":\"https:\/\/aresdental.lu\/de\/#organization\",\"name\":\"Ares Dental\",\"alternateName\":\"Ares Dental\",\"url\":\"https:\/\/aresdental.lu\/de\/\",\"logo\":{\"@type\":\"ImageObject\",\"inLanguage\":\"de\",\"@id\":\"https:\/\/aresdental.lu\/de\/#\/schema\/logo\/image\/\",\"url\":\"https:\/\/aresdental.lu\/wp-content\/uploads\/2024\/03\/logosite.svg\",\"contentUrl\":\"https:\/\/aresdental.lu\/wp-content\/uploads\/2024\/03\/logosite.svg\",\"width\":113,\"height\":84,\"caption\":\"Ares Dental\"},\"image\":{\"@id\":\"https:\/\/aresdental.lu\/de\/#\/schema\/logo\/image\/\"},\"sameAs\":[\"https:\/\/www.facebook.com\/profile.php?id=100095503992930\",\"https:\/\/www.linkedin.com\/in\/ares-dental-4833b2287\",\"https:\/\/www.instagram.com\/aresdentalluxembourg\"]}]}<\/script>\n<!-- \/ Yoast SEO plugin. -->","yoast_head_json":{"title":"Datenschutzrichtlinie - Ares Dental","robots":{"index":"index","follow":"follow","max-snippet":"max-snippet:-1","max-image-preview":"max-image-preview:large","max-video-preview":"max-video-preview:-1"},"canonical":"https:\/\/aresdental.lu\/de\/datenschutzrichtlinie\/","og_locale":"de_DE","og_type":"article","og_title":"Datenschutzrichtlinie - Ares Dental","og_description":"Diese Richtlinie soll Sie dar\u00fcber informieren, wie wir, ARES DENTAL, der f\u00fcr die Verarbeitung Verantwortliche, Ihre pers\u00f6nlichen Daten verwenden und sch\u00fctzen, und warum wir Ihre Daten verarbeiten. 1. Welche pers\u00f6nlichen Daten sammeln wir? Die pers\u00f6nlichen Daten, die uns anvertraut werden, sind Ihr Name, Vorname, Adresse, Telefonnummer und E-Mail-Adresse. Wir bem\u00fchen uns, die von uns erfassten [&hellip;]","og_url":"https:\/\/aresdental.lu\/de\/datenschutzrichtlinie\/","og_site_name":"Ares Dental","article_publisher":"https:\/\/www.facebook.com\/profile.php?id=100095503992930","article_modified_time":"2024-05-13T13:52:34+00:00","og_image":[{"width":726,"height":542,"url":"https:\/\/aresdental.lu\/wp-content\/uploads\/2024\/03\/cabinetref.png","type":"image\/png"}],"twitter_card":"summary_large_image","twitter_misc":{"Gesch\u00e4tzte Lesezeit":"2\u00a0Minuten"},"schema":{"@context":"https:\/\/schema.org","@graph":[{"@type":"WebPage","@id":"https:\/\/aresdental.lu\/de\/datenschutzrichtlinie\/","url":"https:\/\/aresdental.lu\/de\/datenschutzrichtlinie\/","name":"Datenschutzrichtlinie - Ares Dental","isPartOf":{"@id":"https:\/\/aresdental.lu\/de\/#website"},"datePublished":"2024-03-18T17:44:20+00:00","dateModified":"2024-05-13T13:52:34+00:00","breadcrumb":{"@id":"https:\/\/aresdental.lu\/de\/datenschutzrichtlinie\/#breadcrumb"},"inLanguage":"de","potentialAction":[{"@type":"ReadAction","target":["https:\/\/aresdental.lu\/de\/datenschutzrichtlinie\/"]}]},{"@type":"BreadcrumbList","@id":"https:\/\/aresdental.lu\/de\/datenschutzrichtlinie\/#breadcrumb","itemListElement":[{"@type":"ListItem","position":1,"name":"Accueil","item":"https:\/\/aresdental.lu\/de\/"},{"@type":"ListItem","position":2,"name":"Datenschutzrichtlinie"}]},{"@type":"WebSite","@id":"https:\/\/aresdental.lu\/de\/#website","url":"https:\/\/aresdental.lu\/de\/","name":"Ares Dental","description":"Centre dentaire Luxembourg - Dentiste sp\u00e9cialiste","publisher":{"@id":"https:\/\/aresdental.lu\/de\/#organization"},"alternateName":"Ares Dental","potentialAction":[{"@type":"SearchAction","target":{"@type":"EntryPoint","urlTemplate":"https:\/\/aresdental.lu\/de\/?s={search_term_string}"},"query-input":{"@type":"PropertyValueSpecification","valueRequired":true,"valueName":"search_term_string"}}],"inLanguage":"de"},{"@type":"Organization","@id":"https:\/\/aresdental.lu\/de\/#organization","name":"Ares Dental","alternateName":"Ares Dental","url":"https:\/\/aresdental.lu\/de\/","logo":{"@type":"ImageObject","inLanguage":"de","@id":"https:\/\/aresdental.lu\/de\/#\/schema\/logo\/image\/","url":"https:\/\/aresdental.lu\/wp-content\/uploads\/2024\/03\/logosite.svg","contentUrl":"https:\/\/aresdental.lu\/wp-content\/uploads\/2024\/03\/logosite.svg","width":113,"height":84,"caption":"Ares Dental"},"image":{"@id":"https:\/\/aresdental.lu\/de\/#\/schema\/logo\/image\/"},"sameAs":["https:\/\/www.facebook.com\/profile.php?id=100095503992930","https:\/\/www.linkedin.com\/in\/ares-dental-4833b2287","https:\/\/www.instagram.com\/aresdentalluxembourg"]}]}},"_links":{"self":[{"href":"https:\/\/aresdental.lu\/de\/wp-json\/wp\/v2\/pages\/3707","targetHints":{"allow":["GET"]}}],"collection":[{"href":"https:\/\/aresdental.lu\/de\/wp-json\/wp\/v2\/pages"}],"about":[{"href":"https:\/\/aresdental.lu\/de\/wp-json\/wp\/v2\/types\/page"}],"author":[{"embeddable":true,"href":"https:\/\/aresdental.lu\/de\/wp-json\/wp\/v2\/users\/1"}],"replies":[{"embeddable":true,"href":"https:\/\/aresdental.lu\/de\/wp-json\/wp\/v2\/comments?post=3707"}],"version-history":[{"count":2,"href":"https:\/\/aresdental.lu\/de\/wp-json\/wp\/v2\/pages\/3707\/revisions"}],"predecessor-version":[{"id":3712,"href":"https:\/\/aresdental.lu\/de\/wp-json\/wp\/v2\/pages\/3707\/revisions\/3712"}],"wp:attachment":[{"href":"https:\/\/aresdental.lu\/de\/wp-json\/wp\/v2\/media?parent=3707"}],"curies":[{"name":"wp","href":"https:\/\/api.w.org\/{rel}","templated":true}]}}