{"id":5481,"date":"2024-06-26T11:48:45","date_gmt":"2024-06-26T09:48:45","guid":{"rendered":"https:\/\/aresdental.lu\/bestaetigung-der-terminanfrage\/"},"modified":"2025-02-28T11:52:37","modified_gmt":"2025-02-28T10:52:37","slug":"danke-mamer","status":"publish","type":"page","link":"https:\/\/aresdental.lu\/de\/danke-mamer\/","title":{"rendered":"Empfangsbest\u00e4tigung der Terminanfrage bei Ares Dental Mamer"},"content":{"rendered":"\t\t<div data-elementor-type=\"wp-page\" data-elementor-id=\"5481\" class=\"elementor elementor-5481 elementor-5478\" data-elementor-post-type=\"page\">\n\t\t\t\t<div class=\"elementor-element elementor-element-46c327de e-flex e-con-boxed e-con e-parent\" data-id=\"46c327de\" data-element_type=\"container\" data-settings=\"{&quot;background_background&quot;:&quot;classic&quot;}\">\n\t\t\t\t\t<div class=\"e-con-inner\">\n\t\t\t\t<div class=\"elementor-element elementor-element-388bcf3e elementor-widget elementor-widget-heading\" data-id=\"388bcf3e\" data-element_type=\"widget\" data-widget_type=\"heading.default\">\n\t\t\t\t<div class=\"elementor-widget-container\">\n\t\t\t\t\t<h1 class=\"elementor-heading-title elementor-size-default\">Empfangsbest\u00e4tigung der Terminanfrage<\/h1>\t\t\t\t<\/div>\n\t\t\t\t<\/div>\n\t\t\t\t\t<\/div>\n\t\t\t\t<\/div>\n\t\t<div class=\"elementor-element elementor-element-f148682 e-flex e-con-boxed e-con e-parent\" data-id=\"f148682\" data-element_type=\"container\">\n\t\t\t\t\t<div class=\"e-con-inner\">\n\t\t\t\t<div class=\"elementor-element elementor-element-28aab62f elementor-widget elementor-widget-text-editor\" data-id=\"28aab62f\" data-element_type=\"widget\" data-widget_type=\"text-editor.default\">\n\t\t\t\t<div class=\"elementor-widget-container\">\n\t\t\t\t\t\t\t\t\t<p>Vielen Dank f\u00fcr Ihre Anfrage nach einem Termin bei Ares Dental Mamer.<\/p>\n<p>Wir haben Ihre Anfrage erhalten und werden sie so schnell wie m\u00f6glich bearbeiten. Ein Mitglied unseres Teams wird Sie in K\u00fcrze kontaktieren, um die Einzelheiten des Termins zu best\u00e4tigen.<\/p>\n\t\t\t\t\t\t\t\t<\/div>\n\t\t\t\t<\/div>\n\t\t\t\t<div class=\"elementor-element elementor-element-97b1c84 elementor-mobile-align-center elementor-mobile_extra-align-center elementor-align-center elementor-widget elementor-widget-button\" data-id=\"97b1c84\" data-element_type=\"widget\" data-widget_type=\"button.default\">\n\t\t\t\t<div class=\"elementor-widget-container\">\n\t\t\t\t\t\t\t\t\t<div class=\"elementor-button-wrapper\">\n\t\t\t\t\t<a class=\"elementor-button elementor-button-link elementor-size-sm\" href=\"https:\/\/aresdental.lu\/de\/\">\n\t\t\t\t\t\t<span class=\"elementor-button-content-wrapper\">\n\t\t\t\t\t\t\t\t\t<span class=\"elementor-button-text\">Zur\u00fcck zur Startseite<\/span>\n\t\t\t\t\t<\/span>\n\t\t\t\t\t<\/a>\n\t\t\t\t<\/div>\n\t\t\t\t\t\t\t\t<\/div>\n\t\t\t\t<\/div>\n\t\t\t\t\t<\/div>\n\t\t\t\t<\/div>\n\t\t\t\t<\/div>\n\t\t","protected":false},"excerpt":{"rendered":"<p>Empfangsbest\u00e4tigung der Terminanfrage Vielen Dank f\u00fcr Ihre Anfrage nach einem Termin bei Ares Dental Mamer. Wir haben Ihre Anfrage erhalten und werden sie so schnell wie m\u00f6glich bearbeiten. Ein Mitglied unseres Teams wird Sie in K\u00fcrze kontaktieren, um die Einzelheiten des Termins zu best\u00e4tigen. Zur\u00fcck zur Startseite<\/p>\n","protected":false},"author":1,"featured_media":0,"parent":0,"menu_order":0,"comment_status":"closed","ping_status":"closed","template":"","meta":{"_acf_changed":false,"footnotes":""},"class_list":["post-5481","page","type-page","status-publish","hentry"],"acf":[],"yoast_head":"<!-- This site is optimized with the Yoast SEO plugin v24.6 - https:\/\/yoast.com\/wordpress\/plugins\/seo\/ -->\n<title>Empfangsbest\u00e4tigung der Terminanfrage bei Ares Dental Mamer - Ares Dental<\/title>\n<meta name=\"robots\" content=\"index, follow, max-snippet:-1, max-image-preview:large, max-video-preview:-1\" \/>\n<link rel=\"canonical\" href=\"https:\/\/aresdental.lu\/de\/danke-mamer\/\" \/>\n<meta property=\"og:locale\" content=\"de_DE\" \/>\n<meta property=\"og:type\" content=\"article\" \/>\n<meta property=\"og:title\" content=\"Empfangsbest\u00e4tigung der Terminanfrage bei Ares Dental Mamer - Ares Dental\" \/>\n<meta property=\"og:description\" content=\"Empfangsbest\u00e4tigung der Terminanfrage Vielen Dank f\u00fcr Ihre Anfrage nach einem Termin bei Ares Dental Mamer. Wir haben Ihre Anfrage erhalten und werden sie so schnell wie m\u00f6glich bearbeiten. Ein Mitglied unseres Teams wird Sie in K\u00fcrze kontaktieren, um die Einzelheiten des Termins zu best\u00e4tigen. Zur\u00fcck zur Startseite\" \/>\n<meta property=\"og:url\" content=\"https:\/\/aresdental.lu\/de\/danke-mamer\/\" \/>\n<meta property=\"og:site_name\" content=\"Ares Dental\" \/>\n<meta property=\"article:publisher\" content=\"https:\/\/www.facebook.com\/profile.php?id=100095503992930\" \/>\n<meta property=\"article:modified_time\" content=\"2025-02-28T10:52:37+00:00\" \/>\n<meta property=\"og:image\" content=\"https:\/\/aresdental.lu\/wp-content\/uploads\/2024\/03\/cabinetref.png\" \/>\n\t<meta property=\"og:image:width\" content=\"726\" \/>\n\t<meta property=\"og:image:height\" content=\"542\" \/>\n\t<meta property=\"og:image:type\" content=\"image\/png\" \/>\n<meta name=\"twitter:card\" content=\"summary_large_image\" \/>\n<meta name=\"twitter:label1\" content=\"Gesch\u00e4tzte Lesezeit\" \/>\n\t<meta name=\"twitter:data1\" content=\"1\u00a0Minute\" \/>\n<script type=\"application\/ld+json\" class=\"yoast-schema-graph\">{\"@context\":\"https:\/\/schema.org\",\"@graph\":[{\"@type\":\"WebPage\",\"@id\":\"https:\/\/aresdental.lu\/de\/danke-mamer\/\",\"url\":\"https:\/\/aresdental.lu\/de\/danke-mamer\/\",\"name\":\"Empfangsbest\u00e4tigung der Terminanfrage bei Ares Dental Mamer - Ares Dental\",\"isPartOf\":{\"@id\":\"https:\/\/aresdental.lu\/de\/#website\"},\"datePublished\":\"2024-06-26T09:48:45+00:00\",\"dateModified\":\"2025-02-28T10:52:37+00:00\",\"breadcrumb\":{\"@id\":\"https:\/\/aresdental.lu\/de\/danke-mamer\/#breadcrumb\"},\"inLanguage\":\"de\",\"potentialAction\":[{\"@type\":\"ReadAction\",\"target\":[\"https:\/\/aresdental.lu\/de\/danke-mamer\/\"]}]},{\"@type\":\"BreadcrumbList\",\"@id\":\"https:\/\/aresdental.lu\/de\/danke-mamer\/#breadcrumb\",\"itemListElement\":[{\"@type\":\"ListItem\",\"position\":1,\"name\":\"Accueil\",\"item\":\"https:\/\/aresdental.lu\/de\/\"},{\"@type\":\"ListItem\",\"position\":2,\"name\":\"Empfangsbest\u00e4tigung der Terminanfrage bei Ares Dental Mamer\"}]},{\"@type\":\"WebSite\",\"@id\":\"https:\/\/aresdental.lu\/de\/#website\",\"url\":\"https:\/\/aresdental.lu\/de\/\",\"name\":\"Ares Dental\",\"description\":\"Centre dentaire Luxembourg - Dentiste sp\u00e9cialiste\",\"publisher\":{\"@id\":\"https:\/\/aresdental.lu\/de\/#organization\"},\"alternateName\":\"Ares Dental\",\"potentialAction\":[{\"@type\":\"SearchAction\",\"target\":{\"@type\":\"EntryPoint\",\"urlTemplate\":\"https:\/\/aresdental.lu\/de\/?s={search_term_string}\"},\"query-input\":{\"@type\":\"PropertyValueSpecification\",\"valueRequired\":true,\"valueName\":\"search_term_string\"}}],\"inLanguage\":\"de\"},{\"@type\":\"Organization\",\"@id\":\"https:\/\/aresdental.lu\/de\/#organization\",\"name\":\"Ares Dental\",\"alternateName\":\"Ares Dental\",\"url\":\"https:\/\/aresdental.lu\/de\/\",\"logo\":{\"@type\":\"ImageObject\",\"inLanguage\":\"de\",\"@id\":\"https:\/\/aresdental.lu\/de\/#\/schema\/logo\/image\/\",\"url\":\"https:\/\/aresdental.lu\/wp-content\/uploads\/2024\/03\/logosite.svg\",\"contentUrl\":\"https:\/\/aresdental.lu\/wp-content\/uploads\/2024\/03\/logosite.svg\",\"width\":113,\"height\":84,\"caption\":\"Ares Dental\"},\"image\":{\"@id\":\"https:\/\/aresdental.lu\/de\/#\/schema\/logo\/image\/\"},\"sameAs\":[\"https:\/\/www.facebook.com\/profile.php?id=100095503992930\",\"https:\/\/www.linkedin.com\/in\/ares-dental-4833b2287\",\"https:\/\/www.instagram.com\/aresdentalluxembourg\"]}]}<\/script>\n<!-- \/ Yoast SEO plugin. -->","yoast_head_json":{"title":"Empfangsbest\u00e4tigung der Terminanfrage bei Ares Dental Mamer - Ares Dental","robots":{"index":"index","follow":"follow","max-snippet":"max-snippet:-1","max-image-preview":"max-image-preview:large","max-video-preview":"max-video-preview:-1"},"canonical":"https:\/\/aresdental.lu\/de\/danke-mamer\/","og_locale":"de_DE","og_type":"article","og_title":"Empfangsbest\u00e4tigung der Terminanfrage bei Ares Dental Mamer - Ares Dental","og_description":"Empfangsbest\u00e4tigung der Terminanfrage Vielen Dank f\u00fcr Ihre Anfrage nach einem Termin bei Ares Dental Mamer. Wir haben Ihre Anfrage erhalten und werden sie so schnell wie m\u00f6glich bearbeiten. Ein Mitglied unseres Teams wird Sie in K\u00fcrze kontaktieren, um die Einzelheiten des Termins zu best\u00e4tigen. Zur\u00fcck zur Startseite","og_url":"https:\/\/aresdental.lu\/de\/danke-mamer\/","og_site_name":"Ares Dental","article_publisher":"https:\/\/www.facebook.com\/profile.php?id=100095503992930","article_modified_time":"2025-02-28T10:52:37+00:00","og_image":[{"width":726,"height":542,"url":"https:\/\/aresdental.lu\/wp-content\/uploads\/2024\/03\/cabinetref.png","type":"image\/png"}],"twitter_card":"summary_large_image","twitter_misc":{"Gesch\u00e4tzte Lesezeit":"1\u00a0Minute"},"schema":{"@context":"https:\/\/schema.org","@graph":[{"@type":"WebPage","@id":"https:\/\/aresdental.lu\/de\/danke-mamer\/","url":"https:\/\/aresdental.lu\/de\/danke-mamer\/","name":"Empfangsbest\u00e4tigung der Terminanfrage bei Ares Dental Mamer - Ares Dental","isPartOf":{"@id":"https:\/\/aresdental.lu\/de\/#website"},"datePublished":"2024-06-26T09:48:45+00:00","dateModified":"2025-02-28T10:52:37+00:00","breadcrumb":{"@id":"https:\/\/aresdental.lu\/de\/danke-mamer\/#breadcrumb"},"inLanguage":"de","potentialAction":[{"@type":"ReadAction","target":["https:\/\/aresdental.lu\/de\/danke-mamer\/"]}]},{"@type":"BreadcrumbList","@id":"https:\/\/aresdental.lu\/de\/danke-mamer\/#breadcrumb","itemListElement":[{"@type":"ListItem","position":1,"name":"Accueil","item":"https:\/\/aresdental.lu\/de\/"},{"@type":"ListItem","position":2,"name":"Empfangsbest\u00e4tigung der Terminanfrage bei Ares Dental Mamer"}]},{"@type":"WebSite","@id":"https:\/\/aresdental.lu\/de\/#website","url":"https:\/\/aresdental.lu\/de\/","name":"Ares Dental","description":"Centre dentaire Luxembourg - Dentiste sp\u00e9cialiste","publisher":{"@id":"https:\/\/aresdental.lu\/de\/#organization"},"alternateName":"Ares Dental","potentialAction":[{"@type":"SearchAction","target":{"@type":"EntryPoint","urlTemplate":"https:\/\/aresdental.lu\/de\/?s={search_term_string}"},"query-input":{"@type":"PropertyValueSpecification","valueRequired":true,"valueName":"search_term_string"}}],"inLanguage":"de"},{"@type":"Organization","@id":"https:\/\/aresdental.lu\/de\/#organization","name":"Ares Dental","alternateName":"Ares Dental","url":"https:\/\/aresdental.lu\/de\/","logo":{"@type":"ImageObject","inLanguage":"de","@id":"https:\/\/aresdental.lu\/de\/#\/schema\/logo\/image\/","url":"https:\/\/aresdental.lu\/wp-content\/uploads\/2024\/03\/logosite.svg","contentUrl":"https:\/\/aresdental.lu\/wp-content\/uploads\/2024\/03\/logosite.svg","width":113,"height":84,"caption":"Ares Dental"},"image":{"@id":"https:\/\/aresdental.lu\/de\/#\/schema\/logo\/image\/"},"sameAs":["https:\/\/www.facebook.com\/profile.php?id=100095503992930","https:\/\/www.linkedin.com\/in\/ares-dental-4833b2287","https:\/\/www.instagram.com\/aresdentalluxembourg"]}]}},"_links":{"self":[{"href":"https:\/\/aresdental.lu\/de\/wp-json\/wp\/v2\/pages\/5481","targetHints":{"allow":["GET"]}}],"collection":[{"href":"https:\/\/aresdental.lu\/de\/wp-json\/wp\/v2\/pages"}],"about":[{"href":"https:\/\/aresdental.lu\/de\/wp-json\/wp\/v2\/types\/page"}],"author":[{"embeddable":true,"href":"https:\/\/aresdental.lu\/de\/wp-json\/wp\/v2\/users\/1"}],"replies":[{"embeddable":true,"href":"https:\/\/aresdental.lu\/de\/wp-json\/wp\/v2\/comments?post=5481"}],"version-history":[{"count":13,"href":"https:\/\/aresdental.lu\/de\/wp-json\/wp\/v2\/pages\/5481\/revisions"}],"predecessor-version":[{"id":7232,"href":"https:\/\/aresdental.lu\/de\/wp-json\/wp\/v2\/pages\/5481\/revisions\/7232"}],"wp:attachment":[{"href":"https:\/\/aresdental.lu\/de\/wp-json\/wp\/v2\/media?parent=5481"}],"curies":[{"name":"wp","href":"https:\/\/api.w.org\/{rel}","templated":true}]}}