{"id":6753,"date":"2025-01-29T09:17:59","date_gmt":"2025-01-29T08:17:59","guid":{"rendered":"https:\/\/aresdental.lu\/?page_id=6753"},"modified":"2025-01-29T09:17:59","modified_gmt":"2025-01-29T08:17:59","slug":"zahnmedizin-2","status":"publish","type":"page","link":"https:\/\/aresdental.lu\/de\/zahnmedizin\/zahnmedizin-2\/","title":{"rendered":"Zahnmedizin"},"content":{"rendered":"\t\t<div data-elementor-type=\"wp-page\" data-elementor-id=\"6753\" class=\"elementor elementor-6753 elementor-6752\" data-elementor-post-type=\"page\">\n\t\t\t\t<div class=\"elementor-element elementor-element-870306e e-flex e-con-boxed e-con e-parent\" data-id=\"870306e\" data-element_type=\"container\" data-settings=\"{&quot;background_background&quot;:&quot;classic&quot;}\">\n\t\t\t\t\t<div class=\"e-con-inner\">\n\t\t\t\t\t<\/div>\n\t\t\t\t<\/div>\n\t\t<section class=\"elementor-element elementor-element-7bcea80b e-flex e-con-boxed e-con e-parent\" data-id=\"7bcea80b\" data-element_type=\"container\">\n\t\t\t\t\t<div class=\"e-con-inner\">\n\t\t<div class=\"elementor-element elementor-element-1f35fcb8 e-con-full e-flex e-con e-child\" data-id=\"1f35fcb8\" data-element_type=\"container\">\n\t\t\t\t<div class=\"elementor-element elementor-element-59c1295c elementor-widget elementor-widget-heading\" data-id=\"59c1295c\" data-element_type=\"widget\" data-widget_type=\"heading.default\">\n\t\t\t\t<div class=\"elementor-widget-container\">\n\t\t\t\t\t<span class=\"elementor-heading-title elementor-size-default\">Ein gro\u00dfes L\u00e4cheln beginnt mit einem gro\u00dfen Zahnarzt<\/span>\t\t\t\t<\/div>\n\t\t\t\t<\/div>\n\t\t\t\t<div class=\"elementor-element elementor-element-fb5f747 elementor-widget elementor-widget-heading\" data-id=\"fb5f747\" data-element_type=\"widget\" data-widget_type=\"heading.default\">\n\t\t\t\t<div class=\"elementor-widget-container\">\n\t\t\t\t\t<h2 class=\"elementor-heading-title elementor-size-default\">Operative Zahnheilkunde<\/h2>\t\t\t\t<\/div>\n\t\t\t\t<\/div>\n\t\t\t\t<div class=\"elementor-element elementor-element-4ff92635 elementor-widget elementor-widget-text-editor\" data-id=\"4ff92635\" data-element_type=\"widget\" data-widget_type=\"text-editor.default\">\n\t\t\t\t<div class=\"elementor-widget-container\">\n\t\t\t\t\t\t\t\t\t<p>Unser Verst\u00e4ndnis von Zahnchirurgie ist: Vorbeugung zur Erhaltung einer guten Mundgesundheit. Eine rechtzeitige und einfache Behandlung von Karies kann viele Kosten und Unannehmlichkeiten vermeiden.<\/p>\n<p>Kein Quecksilber bei der Behandlung von Kariesf\u00fcllungen! Unsere Vertragszahn\u00e4rzte verwenden nur hochwertige Kompositmaterialien. Die in unseren Praxen behandelten Z\u00e4hne erhalten ihre nat\u00fcrliche Farbe auf der gesamten Oberfl\u00e4che zur\u00fcck und die F\u00fcllung ist praktisch unsichtbar. Aus diesem Grund bevorzugen wir die Verwendung dieses Materials, das im Vergleich zu vor einigen Jahren eine unvergleichliche Haltbarkeit und Best\u00e4ndigkeit aufweist.<\/p>\n\t\t\t\t\t\t\t\t<\/div>\n\t\t\t\t<\/div>\n\t\t\t\t<div class=\"elementor-element elementor-element-d187bbe elementor-mobile-align-center elementor-mobile_extra-align-center elementor-widget elementor-widget-button\" data-id=\"d187bbe\" data-element_type=\"widget\" data-widget_type=\"button.default\">\n\t\t\t\t<div class=\"elementor-widget-container\">\n\t\t\t\t\t\t\t\t\t<div class=\"elementor-button-wrapper\">\n\t\t\t\t\t<a class=\"elementor-button elementor-button-link elementor-size-sm\" href=\"#\">\n\t\t\t\t\t\t<span class=\"elementor-button-content-wrapper\">\n\t\t\t\t\t\t\t\t\t<span class=\"elementor-button-text\">Besuchen Sie<\/span>\n\t\t\t\t\t<\/span>\n\t\t\t\t\t<\/a>\n\t\t\t\t<\/div>\n\t\t\t\t\t\t\t\t<\/div>\n\t\t\t\t<\/div>\n\t\t\t\t<\/div>\n\t\t<div class=\"elementor-element elementor-element-7222719a e-con-full e-flex e-con e-child\" data-id=\"7222719a\" data-element_type=\"container\" data-settings=\"{&quot;background_background&quot;:&quot;classic&quot;}\">\n\t\t\t\t<\/div>\n\t\t\t\t\t<\/div>\n\t\t\t\t<\/section>\n\t\t<section class=\"elementor-element elementor-element-5c3b7c41 e-flex e-con-boxed e-con e-parent\" data-id=\"5c3b7c41\" data-element_type=\"container\">\n\t\t\t\t\t<div class=\"e-con-inner\">\n\t\t<div class=\"elementor-element elementor-element-191a4d22 e-con-full e-flex e-con e-child\" data-id=\"191a4d22\" data-element_type=\"container\" data-settings=\"{&quot;background_background&quot;:&quot;classic&quot;}\">\n\t\t\t\t<\/div>\n\t\t<div class=\"elementor-element elementor-element-3ec550c6 e-con-full e-flex e-con e-child\" data-id=\"3ec550c6\" data-element_type=\"container\">\n\t\t\t\t<div class=\"elementor-element elementor-element-66f6147b elementor-widget elementor-widget-heading\" data-id=\"66f6147b\" data-element_type=\"widget\" data-widget_type=\"heading.default\">\n\t\t\t\t<div class=\"elementor-widget-container\">\n\t\t\t\t\t<h2 class=\"elementor-heading-title elementor-size-default\">Prosthodontie<\/h2>\t\t\t\t<\/div>\n\t\t\t\t<\/div>\n\t\t\t\t<div class=\"elementor-element elementor-element-32cbdd7a elementor-widget elementor-widget-text-editor\" data-id=\"32cbdd7a\" data-element_type=\"widget\" data-widget_type=\"text-editor.default\">\n\t\t\t\t<div class=\"elementor-widget-container\">\n\t\t\t\t\t\t\t\t\t<h6><strong>Was ist Prosthodontie?<\/strong><\/h6>\n<p>Wenn ein Zahn fehlt oder zu stark besch\u00e4digt ist, ist es wichtig, ihn zu ersetzen oder wiederherzustellen. Dadurch wird die Sch\u00f6nheit des L\u00e4chelns wiederhergestellt, aber vor allem wird die Mundfunktion wiederhergestellt und die Verschiebung der Z\u00e4hne verhindert.<\/p>\n<h6>F\u00fcr wen?<\/h6>\n<p>Fehlt ein Zahn oder ist er zu stark besch\u00e4digt? Unsere Zahn\u00e4rzte ersetzen oder restaurieren sie zu un\u00fcbertroffenen Bedingungen. Sie werden wieder ein sch\u00f6nes L\u00e4cheln haben und sich beim Essen wohler f\u00fchlen. Wir sollten nicht vergessen, dass rechtzeitiges Handeln die Verschiebung von Z\u00e4hnen verhindert, was teuer und unangenehm sein kann! Hochwertige \u00e4sthetische Zahnheilkunde in Luxemburg!<\/p>\n\t\t\t\t\t\t\t\t<\/div>\n\t\t\t\t<\/div>\n\t\t\t\t<div class=\"elementor-element elementor-element-55e11db7 elementor-widget elementor-widget-text-editor\" data-id=\"55e11db7\" data-element_type=\"widget\" data-widget_type=\"text-editor.default\">\n\t\t\t\t<div class=\"elementor-widget-container\">\n\t\t\t\t\t\t\t\t\t<p>Das Ziel der <a href=\"https:\/\/aresdental.lu\/de\/zahnmedizin\/zahnprothese\/\" target=\"_blank\" rel=\"noopener\">Prothetik<\/a> ist es, die Z\u00e4hne wiederherzustellen oder fehlende Z\u00e4hne durch <a href=\"https:\/\/aresdental.lu\/de\/zahnmedizin\/zahnprothese\/\" target=\"_blank\" rel=\"noopener\">Prothesen<\/a>, Br\u00fccken oder Kronen zu ersetzen.<\/p>\n\t\t\t\t\t\t\t\t<\/div>\n\t\t\t\t<\/div>\n\t\t\t\t<\/div>\n\t\t\t\t\t<\/div>\n\t\t\t\t<\/section>\n\t\t<section class=\"elementor-element elementor-element-3f871af e-flex e-con-boxed e-con e-parent\" data-id=\"3f871af\" data-element_type=\"container\">\n\t\t\t\t\t<div class=\"e-con-inner\">\n\t\t<div class=\"elementor-element elementor-element-29acf32 e-con-full e-flex e-con e-child\" data-id=\"29acf32\" data-element_type=\"container\">\n\t\t\t\t<div class=\"elementor-element elementor-element-362fa84 elementor-widget elementor-widget-heading\" data-id=\"362fa84\" data-element_type=\"widget\" data-widget_type=\"heading.default\">\n\t\t\t\t<div class=\"elementor-widget-container\">\n\t\t\t\t\t<h2 class=\"elementor-heading-title elementor-size-default\">Festsitzende oder herausnehmbare Prothese auf Zahnimplantat  <\/h2>\t\t\t\t<\/div>\n\t\t\t\t<\/div>\n\t\t\t\t<div class=\"elementor-element elementor-element-6740793 elementor-widget elementor-widget-text-editor\" data-id=\"6740793\" data-element_type=\"widget\" data-widget_type=\"text-editor.default\">\n\t\t\t\t<div class=\"elementor-widget-container\">\n\t\t\t\t\t\t\t\t\t<p>Es gibt zwei Arten von Prothesen auf Implantaten: festsitzende und herausnehmbare Prothesen. Festsitzende Prothesen wie Kronen werden dauerhaft auf den Implantaten angebracht, w\u00e4hrend herausnehmbare Prothesen zur Reinigung oder w\u00e4hrend des Schlafs entfernt werden m\u00fcssen. Die Wahl des einen oder anderen h\u00e4ngt von einer Reihe von Faktoren ab, die wir mit Ihnen besprechen k\u00f6nnen.<\/p>\n\t\t\t\t\t\t\t\t<\/div>\n\t\t\t\t<\/div>\n\t\t\t\t<div class=\"elementor-element elementor-element-3a9ef72 elementor-widget elementor-widget-heading\" data-id=\"3a9ef72\" data-element_type=\"widget\" data-widget_type=\"heading.default\">\n\t\t\t\t<div class=\"elementor-widget-container\">\n\t\t\t\t\t<h2 class=\"elementor-heading-title elementor-size-default\">Voll- und Teilprothesen  <\/h2>\t\t\t\t<\/div>\n\t\t\t\t<\/div>\n\t\t\t\t<div class=\"elementor-element elementor-element-6e1e12f elementor-widget elementor-widget-text-editor\" data-id=\"6e1e12f\" data-element_type=\"widget\" data-widget_type=\"text-editor.default\">\n\t\t\t\t<div class=\"elementor-widget-container\">\n\t\t\t\t\t\t\t\t\t<p>Teilprothesen k\u00f6nnen einen oder mehrere Z\u00e4hne ersetzen. Sie sind mit kleinen Haken an den benachbarten gesunden Z\u00e4hnen befestigt. Vollprothesen werden verwendet, um alle nat\u00fcrlichen Z\u00e4hne zu ersetzen.<\/p>\n\t\t\t\t\t\t\t\t<\/div>\n\t\t\t\t<\/div>\n\t\t\t\t<\/div>\n\t\t<div class=\"elementor-element elementor-element-a5b20f9 e-con-full e-flex e-con e-child\" data-id=\"a5b20f9\" data-element_type=\"container\">\n\t\t\t\t<div class=\"elementor-element elementor-element-1a63bac elementor-widget elementor-widget-heading\" data-id=\"1a63bac\" data-element_type=\"widget\" data-widget_type=\"heading.default\">\n\t\t\t\t<div class=\"elementor-widget-container\">\n\t\t\t\t\t<h2 class=\"elementor-heading-title elementor-size-default\">Kronen und Br\u00fccken  <\/h2>\t\t\t\t<\/div>\n\t\t\t\t<\/div>\n\t\t\t\t<div class=\"elementor-element elementor-element-646a0c6 elementor-widget elementor-widget-text-editor\" data-id=\"646a0c6\" data-element_type=\"widget\" data-widget_type=\"text-editor.default\">\n\t\t\t\t<div class=\"elementor-widget-container\">\n\t\t\t\t\t\t\t\t\t<p>Kronen werden verwendet, um einen besch\u00e4digten Zahn zu bedecken und zu sch\u00fctzen, w\u00e4hrend Br\u00fccken dazu dienen, einen oder mehrere fehlende Z\u00e4hne zu ersetzen. Beide Behandlungen werden dauerhaft im Mund befestigt. Sie k\u00f6nnen aus Metallen, Porzellan oder einer Metall-Keramik-Legierung bestehen. In der Zahnarztpraxis ist es uns eine Ehre, Ihnen die neuesten Technologien zur Verf\u00fcgung zu stellen.<\/p>\n\t\t\t\t\t\t\t\t<\/div>\n\t\t\t\t<\/div>\n\t\t\t\t<\/div>\n\t\t\t\t\t<\/div>\n\t\t\t\t<\/section>\n\t\t\t\t<\/div>\n\t\t","protected":false},"excerpt":{"rendered":"<p>Ein gro\u00dfes L\u00e4cheln beginnt mit einem gro\u00dfen Zahnarzt Operative Zahnheilkunde Unser Verst\u00e4ndnis von Zahnchirurgie ist: Vorbeugung zur Erhaltung einer guten Mundgesundheit. Eine rechtzeitige und einfache Behandlung von Karies kann viele Kosten und Unannehmlichkeiten vermeiden. Kein Quecksilber bei der Behandlung von Kariesf\u00fcllungen! Unsere Vertragszahn\u00e4rzte verwenden nur hochwertige Kompositmaterialien. Die in unseren Praxen behandelten Z\u00e4hne erhalten ihre [&hellip;]<\/p>\n","protected":false},"author":2,"featured_media":0,"parent":3709,"menu_order":0,"comment_status":"closed","ping_status":"closed","template":"","meta":{"_acf_changed":false,"footnotes":""},"class_list":["post-6753","page","type-page","status-publish","hentry"],"acf":[],"yoast_head":"<!-- This site is optimized with the Yoast SEO plugin v24.6 - https:\/\/yoast.com\/wordpress\/plugins\/seo\/ -->\n<title>Zahnmedizin - Ares Dental<\/title>\n<meta name=\"robots\" content=\"index, follow, max-snippet:-1, max-image-preview:large, max-video-preview:-1\" \/>\n<link rel=\"canonical\" href=\"https:\/\/aresdental.lu\/de\/zahnmedizin\/zahnmedizin-2\/\" \/>\n<meta property=\"og:locale\" content=\"de_DE\" \/>\n<meta property=\"og:type\" content=\"article\" \/>\n<meta property=\"og:title\" content=\"Zahnmedizin - Ares Dental\" \/>\n<meta property=\"og:description\" content=\"Ein gro\u00dfes L\u00e4cheln beginnt mit einem gro\u00dfen Zahnarzt Operative Zahnheilkunde Unser Verst\u00e4ndnis von Zahnchirurgie ist: Vorbeugung zur Erhaltung einer guten Mundgesundheit. Eine rechtzeitige und einfache Behandlung von Karies kann viele Kosten und Unannehmlichkeiten vermeiden. Kein Quecksilber bei der Behandlung von Kariesf\u00fcllungen! Unsere Vertragszahn\u00e4rzte verwenden nur hochwertige Kompositmaterialien. Die in unseren Praxen behandelten Z\u00e4hne erhalten ihre [&hellip;]\" \/>\n<meta property=\"og:url\" content=\"https:\/\/aresdental.lu\/de\/zahnmedizin\/zahnmedizin-2\/\" \/>\n<meta property=\"og:site_name\" content=\"Ares Dental\" \/>\n<meta property=\"article:publisher\" content=\"https:\/\/www.facebook.com\/profile.php?id=100095503992930\" \/>\n<meta property=\"og:image\" content=\"https:\/\/aresdental.lu\/wp-content\/uploads\/2024\/03\/cabinetref.png\" \/>\n\t<meta property=\"og:image:width\" content=\"726\" \/>\n\t<meta property=\"og:image:height\" content=\"542\" \/>\n\t<meta property=\"og:image:type\" content=\"image\/png\" \/>\n<meta name=\"twitter:card\" content=\"summary_large_image\" \/>\n<meta name=\"twitter:label1\" content=\"Gesch\u00e4tzte Lesezeit\" \/>\n\t<meta name=\"twitter:data1\" content=\"2\u00a0Minuten\" \/>\n<script type=\"application\/ld+json\" class=\"yoast-schema-graph\">{\"@context\":\"https:\/\/schema.org\",\"@graph\":[{\"@type\":\"WebPage\",\"@id\":\"https:\/\/aresdental.lu\/de\/zahnmedizin\/zahnmedizin-2\/\",\"url\":\"https:\/\/aresdental.lu\/de\/zahnmedizin\/zahnmedizin-2\/\",\"name\":\"Zahnmedizin - Ares Dental\",\"isPartOf\":{\"@id\":\"https:\/\/aresdental.lu\/de\/#website\"},\"datePublished\":\"2025-01-29T08:17:59+00:00\",\"breadcrumb\":{\"@id\":\"https:\/\/aresdental.lu\/de\/zahnmedizin\/zahnmedizin-2\/#breadcrumb\"},\"inLanguage\":\"de\",\"potentialAction\":[{\"@type\":\"ReadAction\",\"target\":[\"https:\/\/aresdental.lu\/de\/zahnmedizin\/zahnmedizin-2\/\"]}]},{\"@type\":\"BreadcrumbList\",\"@id\":\"https:\/\/aresdental.lu\/de\/zahnmedizin\/zahnmedizin-2\/#breadcrumb\",\"itemListElement\":[{\"@type\":\"ListItem\",\"position\":1,\"name\":\"Accueil\",\"item\":\"https:\/\/aresdental.lu\/de\/\"},{\"@type\":\"ListItem\",\"position\":2,\"name\":\"Zahnmedizin\"}]},{\"@type\":\"WebSite\",\"@id\":\"https:\/\/aresdental.lu\/de\/#website\",\"url\":\"https:\/\/aresdental.lu\/de\/\",\"name\":\"Ares Dental\",\"description\":\"Centre dentaire Luxembourg - Dentiste sp\u00e9cialiste\",\"publisher\":{\"@id\":\"https:\/\/aresdental.lu\/de\/#organization\"},\"alternateName\":\"Ares Dental\",\"potentialAction\":[{\"@type\":\"SearchAction\",\"target\":{\"@type\":\"EntryPoint\",\"urlTemplate\":\"https:\/\/aresdental.lu\/de\/?s={search_term_string}\"},\"query-input\":{\"@type\":\"PropertyValueSpecification\",\"valueRequired\":true,\"valueName\":\"search_term_string\"}}],\"inLanguage\":\"de\"},{\"@type\":\"Organization\",\"@id\":\"https:\/\/aresdental.lu\/de\/#organization\",\"name\":\"Ares Dental\",\"alternateName\":\"Ares Dental\",\"url\":\"https:\/\/aresdental.lu\/de\/\",\"logo\":{\"@type\":\"ImageObject\",\"inLanguage\":\"de\",\"@id\":\"https:\/\/aresdental.lu\/de\/#\/schema\/logo\/image\/\",\"url\":\"https:\/\/aresdental.lu\/wp-content\/uploads\/2024\/03\/logosite.svg\",\"contentUrl\":\"https:\/\/aresdental.lu\/wp-content\/uploads\/2024\/03\/logosite.svg\",\"width\":113,\"height\":84,\"caption\":\"Ares Dental\"},\"image\":{\"@id\":\"https:\/\/aresdental.lu\/de\/#\/schema\/logo\/image\/\"},\"sameAs\":[\"https:\/\/www.facebook.com\/profile.php?id=100095503992930\",\"https:\/\/www.linkedin.com\/in\/ares-dental-4833b2287\",\"https:\/\/www.instagram.com\/aresdentalluxembourg\"]}]}<\/script>\n<!-- \/ Yoast SEO plugin. -->","yoast_head_json":{"title":"Zahnmedizin - Ares Dental","robots":{"index":"index","follow":"follow","max-snippet":"max-snippet:-1","max-image-preview":"max-image-preview:large","max-video-preview":"max-video-preview:-1"},"canonical":"https:\/\/aresdental.lu\/de\/zahnmedizin\/zahnmedizin-2\/","og_locale":"de_DE","og_type":"article","og_title":"Zahnmedizin - Ares Dental","og_description":"Ein gro\u00dfes L\u00e4cheln beginnt mit einem gro\u00dfen Zahnarzt Operative Zahnheilkunde Unser Verst\u00e4ndnis von Zahnchirurgie ist: Vorbeugung zur Erhaltung einer guten Mundgesundheit. Eine rechtzeitige und einfache Behandlung von Karies kann viele Kosten und Unannehmlichkeiten vermeiden. Kein Quecksilber bei der Behandlung von Kariesf\u00fcllungen! Unsere Vertragszahn\u00e4rzte verwenden nur hochwertige Kompositmaterialien. Die in unseren Praxen behandelten Z\u00e4hne erhalten ihre [&hellip;]","og_url":"https:\/\/aresdental.lu\/de\/zahnmedizin\/zahnmedizin-2\/","og_site_name":"Ares Dental","article_publisher":"https:\/\/www.facebook.com\/profile.php?id=100095503992930","og_image":[{"width":726,"height":542,"url":"https:\/\/aresdental.lu\/wp-content\/uploads\/2024\/03\/cabinetref.png","type":"image\/png"}],"twitter_card":"summary_large_image","twitter_misc":{"Gesch\u00e4tzte Lesezeit":"2\u00a0Minuten"},"schema":{"@context":"https:\/\/schema.org","@graph":[{"@type":"WebPage","@id":"https:\/\/aresdental.lu\/de\/zahnmedizin\/zahnmedizin-2\/","url":"https:\/\/aresdental.lu\/de\/zahnmedizin\/zahnmedizin-2\/","name":"Zahnmedizin - Ares Dental","isPartOf":{"@id":"https:\/\/aresdental.lu\/de\/#website"},"datePublished":"2025-01-29T08:17:59+00:00","breadcrumb":{"@id":"https:\/\/aresdental.lu\/de\/zahnmedizin\/zahnmedizin-2\/#breadcrumb"},"inLanguage":"de","potentialAction":[{"@type":"ReadAction","target":["https:\/\/aresdental.lu\/de\/zahnmedizin\/zahnmedizin-2\/"]}]},{"@type":"BreadcrumbList","@id":"https:\/\/aresdental.lu\/de\/zahnmedizin\/zahnmedizin-2\/#breadcrumb","itemListElement":[{"@type":"ListItem","position":1,"name":"Accueil","item":"https:\/\/aresdental.lu\/de\/"},{"@type":"ListItem","position":2,"name":"Zahnmedizin"}]},{"@type":"WebSite","@id":"https:\/\/aresdental.lu\/de\/#website","url":"https:\/\/aresdental.lu\/de\/","name":"Ares Dental","description":"Centre dentaire Luxembourg - Dentiste sp\u00e9cialiste","publisher":{"@id":"https:\/\/aresdental.lu\/de\/#organization"},"alternateName":"Ares Dental","potentialAction":[{"@type":"SearchAction","target":{"@type":"EntryPoint","urlTemplate":"https:\/\/aresdental.lu\/de\/?s={search_term_string}"},"query-input":{"@type":"PropertyValueSpecification","valueRequired":true,"valueName":"search_term_string"}}],"inLanguage":"de"},{"@type":"Organization","@id":"https:\/\/aresdental.lu\/de\/#organization","name":"Ares Dental","alternateName":"Ares Dental","url":"https:\/\/aresdental.lu\/de\/","logo":{"@type":"ImageObject","inLanguage":"de","@id":"https:\/\/aresdental.lu\/de\/#\/schema\/logo\/image\/","url":"https:\/\/aresdental.lu\/wp-content\/uploads\/2024\/03\/logosite.svg","contentUrl":"https:\/\/aresdental.lu\/wp-content\/uploads\/2024\/03\/logosite.svg","width":113,"height":84,"caption":"Ares Dental"},"image":{"@id":"https:\/\/aresdental.lu\/de\/#\/schema\/logo\/image\/"},"sameAs":["https:\/\/www.facebook.com\/profile.php?id=100095503992930","https:\/\/www.linkedin.com\/in\/ares-dental-4833b2287","https:\/\/www.instagram.com\/aresdentalluxembourg"]}]}},"_links":{"self":[{"href":"https:\/\/aresdental.lu\/de\/wp-json\/wp\/v2\/pages\/6753","targetHints":{"allow":["GET"]}}],"collection":[{"href":"https:\/\/aresdental.lu\/de\/wp-json\/wp\/v2\/pages"}],"about":[{"href":"https:\/\/aresdental.lu\/de\/wp-json\/wp\/v2\/types\/page"}],"author":[{"embeddable":true,"href":"https:\/\/aresdental.lu\/de\/wp-json\/wp\/v2\/users\/2"}],"replies":[{"embeddable":true,"href":"https:\/\/aresdental.lu\/de\/wp-json\/wp\/v2\/comments?post=6753"}],"version-history":[{"count":1,"href":"https:\/\/aresdental.lu\/de\/wp-json\/wp\/v2\/pages\/6753\/revisions"}],"predecessor-version":[{"id":6756,"href":"https:\/\/aresdental.lu\/de\/wp-json\/wp\/v2\/pages\/6753\/revisions\/6756"}],"up":[{"embeddable":true,"href":"https:\/\/aresdental.lu\/de\/wp-json\/wp\/v2\/pages\/3709"}],"wp:attachment":[{"href":"https:\/\/aresdental.lu\/de\/wp-json\/wp\/v2\/media?parent=6753"}],"curies":[{"name":"wp","href":"https:\/\/api.w.org\/{rel}","templated":true}]}}