{"id":3708,"date":"2024-03-18T18:44:20","date_gmt":"2024-03-18T17:44:20","guid":{"rendered":"https:\/\/aresdental.rework.agency\/politica-de-privacidade\/"},"modified":"2024-05-13T15:52:34","modified_gmt":"2024-05-13T13:52:34","slug":"politica-de-privacidade","status":"publish","type":"page","link":"https:\/\/aresdental.lu\/pt-pt\/politica-de-privacidade\/","title":{"rendered":"Pol\u00edtica de privacidade"},"content":{"rendered":"\t\t<div data-elementor-type=\"wp-page\" data-elementor-id=\"3708\" class=\"elementor elementor-3708 elementor-3\" data-elementor-post-type=\"page\">\n\t\t\t\t<div class=\"elementor-element elementor-element-4f0554f e-flex e-con-boxed e-con e-parent\" data-id=\"4f0554f\" data-element_type=\"container\" data-settings=\"{&quot;background_background&quot;:&quot;classic&quot;}\">\n\t\t\t\t\t<div class=\"e-con-inner\">\n\t\t\t\t\t<\/div>\n\t\t\t\t<\/div>\n\t\t<div class=\"elementor-element elementor-element-28e70c4 e-flex e-con-boxed e-con e-parent\" data-id=\"28e70c4\" data-element_type=\"container\">\n\t\t\t\t\t<div class=\"e-con-inner\">\n\t\t\t\t<div class=\"elementor-element elementor-element-72a2acf0 elementor-widget elementor-widget-text-editor\" data-id=\"72a2acf0\" data-element_type=\"widget\" data-widget_type=\"text-editor.default\">\n\t\t\t\t<div class=\"elementor-widget-container\">\n\t\t\t\t\t\t\t\t\t<p>O objetivo desta pol\u00edtica \u00e9 inform\u00e1-lo sobre a forma como n\u00f3s, ARES DENTAL, o controlador de dados, utilizamos e protegemos os seus dados pessoais e as raz\u00f5es pelas quais processamos os seus dados.<\/p>\n<h5><strong>1. Que dados pessoais recolhemos?<\/strong><\/h5>\n<p>Os dados pessoais que nos s\u00e3o confiados s\u00e3o o teu apelido, nome pr\u00f3prio, morada, n\u00famero de telefone e endere\u00e7o de correio eletr\u00f3nico. Temos o cuidado de limitar os dados pessoais que recolhemos ao estritamente necess\u00e1rio para nos permitir gerir os nossos clientes, potenciais clientes ou fornecedores e para cumprir as nossas obriga\u00e7\u00f5es regulamentares. Tratamo-los com o maior cuidado e respeito.<\/p>\n<h5><strong>2. Como \u00e9 que recolhemos os teus dados pessoais?<\/strong><\/h5>\n<p>Recolhemos dados pessoais diretamente de ti, atrav\u00e9s de formul\u00e1rio em papel, telefone ou Internet, ou s\u00e3o-nos transmitidos por terceiros a quem deste o teu consentimento.<\/p>\n<h5><strong>3. Quais s\u00e3o as bases legais para a utiliza\u00e7\u00e3o dos teus dados pessoais?<\/strong><\/h5>\n<p>Precisamos de tratar os teus dados para processar o teu pedido de informa\u00e7\u00e3o e para gerir a execu\u00e7\u00e3o do contrato de venda ou de presta\u00e7\u00e3o de servi\u00e7os. Tamb\u00e9m podemos utilizar os teus dados pessoais para cumprir obriga\u00e7\u00f5es legais.<\/p>\n<h5><strong>4. A quem podem ser divulgados os teus dados pessoais?<\/strong><\/h5>\n<p>Para cumprir os objectivos acima referidos, podemos divulgar alguns dos teus dados pessoais a tr\u00eas tipos de destinat\u00e1rios:<\/p>\n<ul>\n<li>transportadoras no caso de encomendas de produtos;<\/li>\n<li>ao nosso fornecedor de servi\u00e7os de confian\u00e7a para o envio de boletins informativos (apenas o endere\u00e7o de correio eletr\u00f3nico);<\/li>\n<li>\u00e0s autoridades judiciais ou administrativas no \u00e2mbito de obriga\u00e7\u00f5es legais.<\/li>\n<\/ul>\n<br>\n<p>Em nenhuma circunst\u00e2ncia transmitiremos os teus dados a terceiros sem a tua autoriza\u00e7\u00e3o.<\/p>\n<h5><strong>5. Como e onde guardamos os teus dados pessoais?<\/strong><\/h5>\n<p>Os dados pessoais que guardamos s\u00e3o armazenados nos nossos computadores, nos nossos telem\u00f3veis, em alguns casos, e no nosso servidor Web. Fazemos todos os esfor\u00e7os para armazenar os dados pessoais da forma mais segura poss\u00edvel e para os guardar apenas durante o tempo necess\u00e1rio. Tomamos medidas f\u00edsicas, t\u00e9cnicas e organizacionais adequadas para evitar, na medida do poss\u00edvel, qualquer viola\u00e7\u00e3o dos dados pessoais.<\/p>\n<h5><strong>6. Durante quanto tempo conservamos os teus dados pessoais?<\/strong><\/h5>\n<p>Conservamos os teus dados pessoais durante o per\u00edodo da nossa rela\u00e7\u00e3o contigo, mais 5 anos, a menos que a lei ou os regulamentos nos obriguem a faz\u00ea-lo por um per\u00edodo mais longo.<\/p>\n<h5><strong>7. Exercer os teus direitos<\/strong><\/h5>\n<p>Relativamente aos dados pessoais que detemos sobre ti, tens o direito de acesso, retifica\u00e7\u00e3o, apagamento e portabilidade dos mesmos, que poder\u00e1s exercer diretamente junto da ARES DENTAL, mediante simples pedido por telefone, e-mail, formul\u00e1rio de contacto ou correio, e juntando c\u00f3pia de ambos os lados de um documento de identifica\u00e7\u00e3o.<\/p>\n<p>Em conformidade com a regulamenta\u00e7\u00e3o aplic\u00e1vel, tens o direito de apresentar uma queixa junto da CNIL.<\/p>\t\t\t\t\t\t\t\t<\/div>\n\t\t\t\t<\/div>\n\t\t\t\t\t<\/div>\n\t\t\t\t<\/div>\n\t\t\t\t<\/div>\n\t\t","protected":false},"excerpt":{"rendered":"<p>O objetivo desta pol\u00edtica \u00e9 inform\u00e1-lo sobre a forma como n\u00f3s, ARES DENTAL, o controlador de dados, utilizamos e protegemos os seus dados pessoais e as raz\u00f5es pelas quais processamos os seus dados. 1. Que dados pessoais recolhemos? Os dados pessoais que nos s\u00e3o confiados s\u00e3o o teu apelido, nome pr\u00f3prio, morada, n\u00famero de telefone [&hellip;]<\/p>\n","protected":false},"author":1,"featured_media":0,"parent":0,"menu_order":0,"comment_status":"closed","ping_status":"open","template":"","meta":{"_acf_changed":false,"footnotes":""},"class_list":["post-3708","page","type-page","status-publish","hentry"],"acf":[],"yoast_head":"<!-- This site is optimized with the Yoast SEO plugin v24.6 - https:\/\/yoast.com\/wordpress\/plugins\/seo\/ -->\n<title>Pol\u00edtica de privacidade - Ares Dental<\/title>\n<meta name=\"robots\" content=\"index, follow, max-snippet:-1, max-image-preview:large, max-video-preview:-1\" \/>\n<link rel=\"canonical\" href=\"https:\/\/aresdental.lu\/pt-pt\/politica-de-privacidade\/\" \/>\n<meta property=\"og:locale\" content=\"pt_PT\" \/>\n<meta property=\"og:type\" content=\"article\" \/>\n<meta property=\"og:title\" content=\"Pol\u00edtica de privacidade - Ares Dental\" \/>\n<meta property=\"og:description\" content=\"O objetivo desta pol\u00edtica \u00e9 inform\u00e1-lo sobre a forma como n\u00f3s, ARES DENTAL, o controlador de dados, utilizamos e protegemos os seus dados pessoais e as raz\u00f5es pelas quais processamos os seus dados. 1. Que dados pessoais recolhemos? Os dados pessoais que nos s\u00e3o confiados s\u00e3o o teu apelido, nome pr\u00f3prio, morada, n\u00famero de telefone [&hellip;]\" \/>\n<meta property=\"og:url\" content=\"https:\/\/aresdental.lu\/pt-pt\/politica-de-privacidade\/\" \/>\n<meta property=\"og:site_name\" content=\"Ares Dental\" \/>\n<meta property=\"article:publisher\" content=\"https:\/\/www.facebook.com\/profile.php?id=100095503992930\" \/>\n<meta property=\"article:modified_time\" content=\"2024-05-13T13:52:34+00:00\" \/>\n<meta property=\"og:image\" content=\"https:\/\/aresdental.lu\/wp-content\/uploads\/2024\/03\/cabinetref.png\" \/>\n\t<meta property=\"og:image:width\" content=\"726\" \/>\n\t<meta property=\"og:image:height\" content=\"542\" \/>\n\t<meta property=\"og:image:type\" content=\"image\/png\" \/>\n<meta name=\"twitter:card\" content=\"summary_large_image\" \/>\n<meta name=\"twitter:label1\" content=\"Tempo estimado de leitura\" \/>\n\t<meta name=\"twitter:data1\" content=\"2 minutos\" \/>\n<script type=\"application\/ld+json\" class=\"yoast-schema-graph\">{\"@context\":\"https:\/\/schema.org\",\"@graph\":[{\"@type\":\"WebPage\",\"@id\":\"https:\/\/aresdental.lu\/pt-pt\/politica-de-privacidade\/\",\"url\":\"https:\/\/aresdental.lu\/pt-pt\/politica-de-privacidade\/\",\"name\":\"Pol\u00edtica de privacidade - Ares Dental\",\"isPartOf\":{\"@id\":\"https:\/\/aresdental.lu\/pt-pt\/#website\"},\"datePublished\":\"2024-03-18T17:44:20+00:00\",\"dateModified\":\"2024-05-13T13:52:34+00:00\",\"breadcrumb\":{\"@id\":\"https:\/\/aresdental.lu\/pt-pt\/politica-de-privacidade\/#breadcrumb\"},\"inLanguage\":\"pt-PT\",\"potentialAction\":[{\"@type\":\"ReadAction\",\"target\":[\"https:\/\/aresdental.lu\/pt-pt\/politica-de-privacidade\/\"]}]},{\"@type\":\"BreadcrumbList\",\"@id\":\"https:\/\/aresdental.lu\/pt-pt\/politica-de-privacidade\/#breadcrumb\",\"itemListElement\":[{\"@type\":\"ListItem\",\"position\":1,\"name\":\"Accueil\",\"item\":\"https:\/\/aresdental.lu\/pt-pt\/\"},{\"@type\":\"ListItem\",\"position\":2,\"name\":\"Pol\u00edtica de privacidade\"}]},{\"@type\":\"WebSite\",\"@id\":\"https:\/\/aresdental.lu\/pt-pt\/#website\",\"url\":\"https:\/\/aresdental.lu\/pt-pt\/\",\"name\":\"Ares Dental\",\"description\":\"Centre dentaire Luxembourg - Dentiste sp\u00e9cialiste\",\"publisher\":{\"@id\":\"https:\/\/aresdental.lu\/pt-pt\/#organization\"},\"alternateName\":\"Ares Dental\",\"potentialAction\":[{\"@type\":\"SearchAction\",\"target\":{\"@type\":\"EntryPoint\",\"urlTemplate\":\"https:\/\/aresdental.lu\/pt-pt\/?s={search_term_string}\"},\"query-input\":{\"@type\":\"PropertyValueSpecification\",\"valueRequired\":true,\"valueName\":\"search_term_string\"}}],\"inLanguage\":\"pt-PT\"},{\"@type\":\"Organization\",\"@id\":\"https:\/\/aresdental.lu\/pt-pt\/#organization\",\"name\":\"Ares Dental\",\"alternateName\":\"Ares Dental\",\"url\":\"https:\/\/aresdental.lu\/pt-pt\/\",\"logo\":{\"@type\":\"ImageObject\",\"inLanguage\":\"pt-PT\",\"@id\":\"https:\/\/aresdental.lu\/pt-pt\/#\/schema\/logo\/image\/\",\"url\":\"https:\/\/aresdental.lu\/wp-content\/uploads\/2024\/03\/logosite.svg\",\"contentUrl\":\"https:\/\/aresdental.lu\/wp-content\/uploads\/2024\/03\/logosite.svg\",\"width\":113,\"height\":84,\"caption\":\"Ares Dental\"},\"image\":{\"@id\":\"https:\/\/aresdental.lu\/pt-pt\/#\/schema\/logo\/image\/\"},\"sameAs\":[\"https:\/\/www.facebook.com\/profile.php?id=100095503992930\",\"https:\/\/www.linkedin.com\/in\/ares-dental-4833b2287\",\"https:\/\/www.instagram.com\/aresdentalluxembourg\"]}]}<\/script>\n<!-- \/ Yoast SEO plugin. -->","yoast_head_json":{"title":"Pol\u00edtica de privacidade - Ares Dental","robots":{"index":"index","follow":"follow","max-snippet":"max-snippet:-1","max-image-preview":"max-image-preview:large","max-video-preview":"max-video-preview:-1"},"canonical":"https:\/\/aresdental.lu\/pt-pt\/politica-de-privacidade\/","og_locale":"pt_PT","og_type":"article","og_title":"Pol\u00edtica de privacidade - Ares Dental","og_description":"O objetivo desta pol\u00edtica \u00e9 inform\u00e1-lo sobre a forma como n\u00f3s, ARES DENTAL, o controlador de dados, utilizamos e protegemos os seus dados pessoais e as raz\u00f5es pelas quais processamos os seus dados. 1. Que dados pessoais recolhemos? Os dados pessoais que nos s\u00e3o confiados s\u00e3o o teu apelido, nome pr\u00f3prio, morada, n\u00famero de telefone [&hellip;]","og_url":"https:\/\/aresdental.lu\/pt-pt\/politica-de-privacidade\/","og_site_name":"Ares Dental","article_publisher":"https:\/\/www.facebook.com\/profile.php?id=100095503992930","article_modified_time":"2024-05-13T13:52:34+00:00","og_image":[{"width":726,"height":542,"url":"https:\/\/aresdental.lu\/wp-content\/uploads\/2024\/03\/cabinetref.png","type":"image\/png"}],"twitter_card":"summary_large_image","twitter_misc":{"Tempo estimado de leitura":"2 minutos"},"schema":{"@context":"https:\/\/schema.org","@graph":[{"@type":"WebPage","@id":"https:\/\/aresdental.lu\/pt-pt\/politica-de-privacidade\/","url":"https:\/\/aresdental.lu\/pt-pt\/politica-de-privacidade\/","name":"Pol\u00edtica de privacidade - Ares Dental","isPartOf":{"@id":"https:\/\/aresdental.lu\/pt-pt\/#website"},"datePublished":"2024-03-18T17:44:20+00:00","dateModified":"2024-05-13T13:52:34+00:00","breadcrumb":{"@id":"https:\/\/aresdental.lu\/pt-pt\/politica-de-privacidade\/#breadcrumb"},"inLanguage":"pt-PT","potentialAction":[{"@type":"ReadAction","target":["https:\/\/aresdental.lu\/pt-pt\/politica-de-privacidade\/"]}]},{"@type":"BreadcrumbList","@id":"https:\/\/aresdental.lu\/pt-pt\/politica-de-privacidade\/#breadcrumb","itemListElement":[{"@type":"ListItem","position":1,"name":"Accueil","item":"https:\/\/aresdental.lu\/pt-pt\/"},{"@type":"ListItem","position":2,"name":"Pol\u00edtica de privacidade"}]},{"@type":"WebSite","@id":"https:\/\/aresdental.lu\/pt-pt\/#website","url":"https:\/\/aresdental.lu\/pt-pt\/","name":"Ares Dental","description":"Centre dentaire Luxembourg - Dentiste sp\u00e9cialiste","publisher":{"@id":"https:\/\/aresdental.lu\/pt-pt\/#organization"},"alternateName":"Ares Dental","potentialAction":[{"@type":"SearchAction","target":{"@type":"EntryPoint","urlTemplate":"https:\/\/aresdental.lu\/pt-pt\/?s={search_term_string}"},"query-input":{"@type":"PropertyValueSpecification","valueRequired":true,"valueName":"search_term_string"}}],"inLanguage":"pt-PT"},{"@type":"Organization","@id":"https:\/\/aresdental.lu\/pt-pt\/#organization","name":"Ares Dental","alternateName":"Ares Dental","url":"https:\/\/aresdental.lu\/pt-pt\/","logo":{"@type":"ImageObject","inLanguage":"pt-PT","@id":"https:\/\/aresdental.lu\/pt-pt\/#\/schema\/logo\/image\/","url":"https:\/\/aresdental.lu\/wp-content\/uploads\/2024\/03\/logosite.svg","contentUrl":"https:\/\/aresdental.lu\/wp-content\/uploads\/2024\/03\/logosite.svg","width":113,"height":84,"caption":"Ares Dental"},"image":{"@id":"https:\/\/aresdental.lu\/pt-pt\/#\/schema\/logo\/image\/"},"sameAs":["https:\/\/www.facebook.com\/profile.php?id=100095503992930","https:\/\/www.linkedin.com\/in\/ares-dental-4833b2287","https:\/\/www.instagram.com\/aresdentalluxembourg"]}]}},"_links":{"self":[{"href":"https:\/\/aresdental.lu\/pt-pt\/wp-json\/wp\/v2\/pages\/3708","targetHints":{"allow":["GET"]}}],"collection":[{"href":"https:\/\/aresdental.lu\/pt-pt\/wp-json\/wp\/v2\/pages"}],"about":[{"href":"https:\/\/aresdental.lu\/pt-pt\/wp-json\/wp\/v2\/types\/page"}],"author":[{"embeddable":true,"href":"https:\/\/aresdental.lu\/pt-pt\/wp-json\/wp\/v2\/users\/1"}],"replies":[{"embeddable":true,"href":"https:\/\/aresdental.lu\/pt-pt\/wp-json\/wp\/v2\/comments?post=3708"}],"version-history":[{"count":2,"href":"https:\/\/aresdental.lu\/pt-pt\/wp-json\/wp\/v2\/pages\/3708\/revisions"}],"predecessor-version":[{"id":3713,"href":"https:\/\/aresdental.lu\/pt-pt\/wp-json\/wp\/v2\/pages\/3708\/revisions\/3713"}],"wp:attachment":[{"href":"https:\/\/aresdental.lu\/pt-pt\/wp-json\/wp\/v2\/media?parent=3708"}],"curies":[{"name":"wp","href":"https:\/\/api.w.org\/{rel}","templated":true}]}}