{"id":3714,"date":"2024-03-18T23:22:14","date_gmt":"2024-03-18T22:22:14","guid":{"rendered":"https:\/\/aresdental.rework.agency\/recrutamento\/"},"modified":"2024-05-23T17:48:17","modified_gmt":"2024-05-23T15:48:17","slug":"recrutamento","status":"publish","type":"page","link":"https:\/\/aresdental.lu\/pt-pt\/recrutamento\/","title":{"rendered":"Recrutamento"},"content":{"rendered":"\t\t<div data-elementor-type=\"wp-page\" data-elementor-id=\"3714\" class=\"elementor elementor-3714 elementor-20\" data-elementor-post-type=\"page\">\n\t\t\t\t<div class=\"elementor-element elementor-element-254b028 e-flex e-con-boxed e-con e-parent\" data-id=\"254b028\" data-element_type=\"container\" data-settings=\"{&quot;background_background&quot;:&quot;classic&quot;}\">\n\t\t\t\t\t<div class=\"e-con-inner\">\n\t\t\t\t\t<\/div>\n\t\t\t\t<\/div>\n\t\t<div class=\"elementor-element elementor-element-d56c182 e-flex e-con-boxed e-con e-parent\" data-id=\"d56c182\" data-element_type=\"container\">\n\t\t\t\t\t<div class=\"e-con-inner\">\n\t\t\t\t<div class=\"elementor-element elementor-element-01a1757 elementor-grid-3 elementor-grid-tablet-2 elementor-grid-mobile-1 elementor-posts--thumbnail-top elementor-widget elementor-widget-posts\" data-id=\"01a1757\" data-element_type=\"widget\" data-settings=\"{&quot;classic_columns&quot;:&quot;3&quot;,&quot;classic_columns_tablet&quot;:&quot;2&quot;,&quot;classic_columns_mobile&quot;:&quot;1&quot;,&quot;classic_row_gap&quot;:{&quot;unit&quot;:&quot;px&quot;,&quot;size&quot;:35,&quot;sizes&quot;:[]},&quot;classic_row_gap_laptop&quot;:{&quot;unit&quot;:&quot;px&quot;,&quot;size&quot;:&quot;&quot;,&quot;sizes&quot;:[]},&quot;classic_row_gap_tablet&quot;:{&quot;unit&quot;:&quot;px&quot;,&quot;size&quot;:&quot;&quot;,&quot;sizes&quot;:[]},&quot;classic_row_gap_mobile_extra&quot;:{&quot;unit&quot;:&quot;px&quot;,&quot;size&quot;:&quot;&quot;,&quot;sizes&quot;:[]},&quot;classic_row_gap_mobile&quot;:{&quot;unit&quot;:&quot;px&quot;,&quot;size&quot;:&quot;&quot;,&quot;sizes&quot;:[]}}\" data-widget_type=\"posts.classic\">\n\t\t\t\t<div class=\"elementor-widget-container\">\n\t\t\t\t\t\t\t<div class=\"elementor-posts-container elementor-posts elementor-posts--skin-classic elementor-grid\">\n\t\t\t\t<article class=\"elementor-post elementor-grid-item post-5843 job type-job status-publish has-post-thumbnail hentry\">\n\t\t\t\t<a class=\"elementor-post__thumbnail__link\" href=\"https:\/\/aresdental.lu\/pt-pt\/offre-emploi\/dentista-geral-e-especialista\/\" tabindex=\"-1\" >\n\t\t\t<div class=\"elementor-post__thumbnail\"><img fetchpriority=\"high\" decoding=\"async\" width=\"640\" height=\"427\" src=\"https:\/\/aresdental.lu\/wp-content\/uploads\/2024\/04\/generaliste.jpg\" class=\"attachment-medium_large size-medium_large wp-image-3570\" alt=\"\" srcset=\"https:\/\/aresdental.lu\/wp-content\/uploads\/2024\/04\/generaliste.jpg 640w, https:\/\/aresdental.lu\/wp-content\/uploads\/2024\/04\/generaliste-300x200.jpg 300w\" sizes=\"(max-width: 640px) 100vw, 640px\" \/><\/div>\n\t\t<\/a>\n\t\t\t\t<div class=\"elementor-post__text\">\n\t\t\t\t<h3 class=\"elementor-post__title\">\n\t\t\t<a href=\"https:\/\/aresdental.lu\/pt-pt\/offre-emploi\/dentista-geral-e-especialista\/\" >\n\t\t\t\tDentista geral e especialista\t\t\t<\/a>\n\t\t<\/h3>\n\t\t\t\t<div class=\"elementor-post__excerpt\">\n\t\t\t<p>Reunimos todas as especialidades dent\u00e1rias numa mesma estrutura e prestamos servi\u00e7os de urg\u00eancia e de perman\u00eancia. O teu perfil: A nossa empresa:<\/p>\n\t\t<\/div>\n\t\t\n\t\t<a class=\"elementor-post__read-more\" href=\"https:\/\/aresdental.lu\/pt-pt\/offre-emploi\/dentista-geral-e-especialista\/\" aria-label=\"Read more about Dentista geral e especialista\" tabindex=\"-1\" >\n\t\t\tL\u00ea mais \"\t\t<\/a>\n\n\t\t\t\t<\/div>\n\t\t\t\t<\/article>\n\t\t\t\t<article class=\"elementor-post elementor-grid-item post-5822 job type-job status-publish has-post-thumbnail hentry\">\n\t\t\t\t<a class=\"elementor-post__thumbnail__link\" href=\"https:\/\/aresdental.lu\/pt-pt\/offre-emploi\/assistente-dentario\/\" tabindex=\"-1\" >\n\t\t\t<div class=\"elementor-post__thumbnail\"><img decoding=\"async\" width=\"724\" height=\"482\" src=\"https:\/\/aresdental.lu\/wp-content\/uploads\/2024\/04\/secretaire.jpg\" class=\"attachment-medium_large size-medium_large wp-image-3568\" alt=\"\" srcset=\"https:\/\/aresdental.lu\/wp-content\/uploads\/2024\/04\/secretaire.jpg 724w, https:\/\/aresdental.lu\/wp-content\/uploads\/2024\/04\/secretaire-300x200.jpg 300w\" sizes=\"(max-width: 724px) 100vw, 724px\" \/><\/div>\n\t\t<\/a>\n\t\t\t\t<div class=\"elementor-post__text\">\n\t\t\t\t<h3 class=\"elementor-post__title\">\n\t\t\t<a href=\"https:\/\/aresdental.lu\/pt-pt\/offre-emploi\/assistente-dentario\/\" >\n\t\t\t\tAssistente dent\u00e1rio\t\t\t<\/a>\n\t\t<\/h3>\n\t\t\t\t<div class=\"elementor-post__excerpt\">\n\t\t\t<p>Responder\u00e1s diretamente ao Practice Manager de um dos nossos dois centros. Funciona: O perfil que procuramos:<\/p>\n\t\t<\/div>\n\t\t\n\t\t<a class=\"elementor-post__read-more\" href=\"https:\/\/aresdental.lu\/pt-pt\/offre-emploi\/assistente-dentario\/\" aria-label=\"Read more about Assistente dent\u00e1rio\" tabindex=\"-1\" >\n\t\t\tL\u00ea mais \"\t\t<\/a>\n\n\t\t\t\t<\/div>\n\t\t\t\t<\/article>\n\t\t\t\t<article class=\"elementor-post elementor-grid-item post-5834 job type-job status-publish has-post-thumbnail hentry\">\n\t\t\t\t<a class=\"elementor-post__thumbnail__link\" href=\"https:\/\/aresdental.lu\/pt-pt\/offre-emploi\/assistente-medico\/\" tabindex=\"-1\" >\n\t\t\t<div class=\"elementor-post__thumbnail\"><img decoding=\"async\" width=\"724\" height=\"483\" src=\"https:\/\/aresdental.lu\/wp-content\/uploads\/2024\/04\/medicalassistant.jpg\" class=\"attachment-medium_large size-medium_large wp-image-3566\" alt=\"\" srcset=\"https:\/\/aresdental.lu\/wp-content\/uploads\/2024\/04\/medicalassistant.jpg 724w, https:\/\/aresdental.lu\/wp-content\/uploads\/2024\/04\/medicalassistant-300x200.jpg 300w\" sizes=\"(max-width: 724px) 100vw, 724px\" \/><\/div>\n\t\t<\/a>\n\t\t\t\t<div class=\"elementor-post__text\">\n\t\t\t\t<h3 class=\"elementor-post__title\">\n\t\t\t<a href=\"https:\/\/aresdental.lu\/pt-pt\/offre-emploi\/assistente-medico\/\" >\n\t\t\t\tCoordenador do Gabinete\t\t\t<\/a>\n\t\t<\/h3>\n\t\t\t\t<div class=\"elementor-post__excerpt\">\n\t\t\t<p>No \u00e2mbito da sua expans\u00e3o, est\u00e1 prevista a abertura de um novo centro m\u00e9dico da Ares Dental nas pr\u00f3ximas semanas. Se estiveres interessado, contacta-nos.<\/p>\n\t\t<\/div>\n\t\t\n\t\t<a class=\"elementor-post__read-more\" href=\"https:\/\/aresdental.lu\/pt-pt\/offre-emploi\/assistente-medico\/\" aria-label=\"Read more about Coordenador do Gabinete\" tabindex=\"-1\" >\n\t\t\tL\u00ea mais \"\t\t<\/a>\n\n\t\t\t\t<\/div>\n\t\t\t\t<\/article>\n\t\t\t\t<\/div>\n\t\t\n\t\t\t\t\t\t<\/div>\n\t\t\t\t<\/div>\n\t\t\t\t\t<\/div>\n\t\t\t\t<\/div>\n\t\t\t\t<\/div>\n\t\t","protected":false},"excerpt":{"rendered":"","protected":false},"author":1,"featured_media":0,"parent":0,"menu_order":0,"comment_status":"closed","ping_status":"closed","template":"","meta":{"_acf_changed":false,"footnotes":""},"class_list":["post-3714","page","type-page","status-publish","hentry"],"acf":[],"yoast_head":"<!-- This site is optimized with the Yoast SEO plugin v24.6 - https:\/\/yoast.com\/wordpress\/plugins\/seo\/ -->\n<title>Recrutamento - Ares Dental<\/title>\n<meta name=\"robots\" content=\"index, follow, max-snippet:-1, max-image-preview:large, max-video-preview:-1\" \/>\n<link rel=\"canonical\" href=\"https:\/\/aresdental.lu\/pt-pt\/recrutamento\/\" \/>\n<meta property=\"og:locale\" content=\"pt_PT\" \/>\n<meta property=\"og:type\" content=\"article\" \/>\n<meta property=\"og:title\" content=\"Recrutamento - Ares Dental\" \/>\n<meta property=\"og:url\" content=\"https:\/\/aresdental.lu\/pt-pt\/recrutamento\/\" \/>\n<meta property=\"og:site_name\" content=\"Ares Dental\" \/>\n<meta property=\"article:publisher\" content=\"https:\/\/www.facebook.com\/profile.php?id=100095503992930\" \/>\n<meta property=\"article:modified_time\" content=\"2024-05-23T15:48:17+00:00\" \/>\n<meta property=\"og:image\" content=\"https:\/\/aresdental.lu\/wp-content\/uploads\/2024\/03\/cabinetref.png\" \/>\n\t<meta property=\"og:image:width\" content=\"726\" \/>\n\t<meta property=\"og:image:height\" content=\"542\" \/>\n\t<meta property=\"og:image:type\" content=\"image\/png\" \/>\n<meta name=\"twitter:card\" content=\"summary_large_image\" \/>\n<script type=\"application\/ld+json\" class=\"yoast-schema-graph\">{\"@context\":\"https:\/\/schema.org\",\"@graph\":[{\"@type\":\"WebPage\",\"@id\":\"https:\/\/aresdental.lu\/pt-pt\/recrutamento\/\",\"url\":\"https:\/\/aresdental.lu\/pt-pt\/recrutamento\/\",\"name\":\"Recrutamento - Ares Dental\",\"isPartOf\":{\"@id\":\"https:\/\/aresdental.lu\/pt-pt\/#website\"},\"datePublished\":\"2024-03-18T22:22:14+00:00\",\"dateModified\":\"2024-05-23T15:48:17+00:00\",\"breadcrumb\":{\"@id\":\"https:\/\/aresdental.lu\/pt-pt\/recrutamento\/#breadcrumb\"},\"inLanguage\":\"pt-PT\",\"potentialAction\":[{\"@type\":\"ReadAction\",\"target\":[\"https:\/\/aresdental.lu\/pt-pt\/recrutamento\/\"]}]},{\"@type\":\"BreadcrumbList\",\"@id\":\"https:\/\/aresdental.lu\/pt-pt\/recrutamento\/#breadcrumb\",\"itemListElement\":[{\"@type\":\"ListItem\",\"position\":1,\"name\":\"Accueil\",\"item\":\"https:\/\/aresdental.lu\/pt-pt\/\"},{\"@type\":\"ListItem\",\"position\":2,\"name\":\"Recrutamento\"}]},{\"@type\":\"WebSite\",\"@id\":\"https:\/\/aresdental.lu\/pt-pt\/#website\",\"url\":\"https:\/\/aresdental.lu\/pt-pt\/\",\"name\":\"Ares Dental\",\"description\":\"Centre dentaire Luxembourg - Dentiste sp\u00e9cialiste\",\"publisher\":{\"@id\":\"https:\/\/aresdental.lu\/pt-pt\/#organization\"},\"alternateName\":\"Ares Dental\",\"potentialAction\":[{\"@type\":\"SearchAction\",\"target\":{\"@type\":\"EntryPoint\",\"urlTemplate\":\"https:\/\/aresdental.lu\/pt-pt\/?s={search_term_string}\"},\"query-input\":{\"@type\":\"PropertyValueSpecification\",\"valueRequired\":true,\"valueName\":\"search_term_string\"}}],\"inLanguage\":\"pt-PT\"},{\"@type\":\"Organization\",\"@id\":\"https:\/\/aresdental.lu\/pt-pt\/#organization\",\"name\":\"Ares Dental\",\"alternateName\":\"Ares Dental\",\"url\":\"https:\/\/aresdental.lu\/pt-pt\/\",\"logo\":{\"@type\":\"ImageObject\",\"inLanguage\":\"pt-PT\",\"@id\":\"https:\/\/aresdental.lu\/pt-pt\/#\/schema\/logo\/image\/\",\"url\":\"https:\/\/aresdental.lu\/wp-content\/uploads\/2024\/03\/logosite.svg\",\"contentUrl\":\"https:\/\/aresdental.lu\/wp-content\/uploads\/2024\/03\/logosite.svg\",\"width\":113,\"height\":84,\"caption\":\"Ares Dental\"},\"image\":{\"@id\":\"https:\/\/aresdental.lu\/pt-pt\/#\/schema\/logo\/image\/\"},\"sameAs\":[\"https:\/\/www.facebook.com\/profile.php?id=100095503992930\",\"https:\/\/www.linkedin.com\/in\/ares-dental-4833b2287\",\"https:\/\/www.instagram.com\/aresdentalluxembourg\"]}]}<\/script>\n<!-- \/ Yoast SEO plugin. -->","yoast_head_json":{"title":"Recrutamento - Ares Dental","robots":{"index":"index","follow":"follow","max-snippet":"max-snippet:-1","max-image-preview":"max-image-preview:large","max-video-preview":"max-video-preview:-1"},"canonical":"https:\/\/aresdental.lu\/pt-pt\/recrutamento\/","og_locale":"pt_PT","og_type":"article","og_title":"Recrutamento - Ares Dental","og_url":"https:\/\/aresdental.lu\/pt-pt\/recrutamento\/","og_site_name":"Ares Dental","article_publisher":"https:\/\/www.facebook.com\/profile.php?id=100095503992930","article_modified_time":"2024-05-23T15:48:17+00:00","og_image":[{"width":726,"height":542,"url":"https:\/\/aresdental.lu\/wp-content\/uploads\/2024\/03\/cabinetref.png","type":"image\/png"}],"twitter_card":"summary_large_image","schema":{"@context":"https:\/\/schema.org","@graph":[{"@type":"WebPage","@id":"https:\/\/aresdental.lu\/pt-pt\/recrutamento\/","url":"https:\/\/aresdental.lu\/pt-pt\/recrutamento\/","name":"Recrutamento - Ares Dental","isPartOf":{"@id":"https:\/\/aresdental.lu\/pt-pt\/#website"},"datePublished":"2024-03-18T22:22:14+00:00","dateModified":"2024-05-23T15:48:17+00:00","breadcrumb":{"@id":"https:\/\/aresdental.lu\/pt-pt\/recrutamento\/#breadcrumb"},"inLanguage":"pt-PT","potentialAction":[{"@type":"ReadAction","target":["https:\/\/aresdental.lu\/pt-pt\/recrutamento\/"]}]},{"@type":"BreadcrumbList","@id":"https:\/\/aresdental.lu\/pt-pt\/recrutamento\/#breadcrumb","itemListElement":[{"@type":"ListItem","position":1,"name":"Accueil","item":"https:\/\/aresdental.lu\/pt-pt\/"},{"@type":"ListItem","position":2,"name":"Recrutamento"}]},{"@type":"WebSite","@id":"https:\/\/aresdental.lu\/pt-pt\/#website","url":"https:\/\/aresdental.lu\/pt-pt\/","name":"Ares Dental","description":"Centre dentaire Luxembourg - Dentiste sp\u00e9cialiste","publisher":{"@id":"https:\/\/aresdental.lu\/pt-pt\/#organization"},"alternateName":"Ares Dental","potentialAction":[{"@type":"SearchAction","target":{"@type":"EntryPoint","urlTemplate":"https:\/\/aresdental.lu\/pt-pt\/?s={search_term_string}"},"query-input":{"@type":"PropertyValueSpecification","valueRequired":true,"valueName":"search_term_string"}}],"inLanguage":"pt-PT"},{"@type":"Organization","@id":"https:\/\/aresdental.lu\/pt-pt\/#organization","name":"Ares Dental","alternateName":"Ares Dental","url":"https:\/\/aresdental.lu\/pt-pt\/","logo":{"@type":"ImageObject","inLanguage":"pt-PT","@id":"https:\/\/aresdental.lu\/pt-pt\/#\/schema\/logo\/image\/","url":"https:\/\/aresdental.lu\/wp-content\/uploads\/2024\/03\/logosite.svg","contentUrl":"https:\/\/aresdental.lu\/wp-content\/uploads\/2024\/03\/logosite.svg","width":113,"height":84,"caption":"Ares Dental"},"image":{"@id":"https:\/\/aresdental.lu\/pt-pt\/#\/schema\/logo\/image\/"},"sameAs":["https:\/\/www.facebook.com\/profile.php?id=100095503992930","https:\/\/www.linkedin.com\/in\/ares-dental-4833b2287","https:\/\/www.instagram.com\/aresdentalluxembourg"]}]}},"_links":{"self":[{"href":"https:\/\/aresdental.lu\/pt-pt\/wp-json\/wp\/v2\/pages\/3714","targetHints":{"allow":["GET"]}}],"collection":[{"href":"https:\/\/aresdental.lu\/pt-pt\/wp-json\/wp\/v2\/pages"}],"about":[{"href":"https:\/\/aresdental.lu\/pt-pt\/wp-json\/wp\/v2\/types\/page"}],"author":[{"embeddable":true,"href":"https:\/\/aresdental.lu\/pt-pt\/wp-json\/wp\/v2\/users\/1"}],"replies":[{"embeddable":true,"href":"https:\/\/aresdental.lu\/pt-pt\/wp-json\/wp\/v2\/comments?post=3714"}],"version-history":[{"count":2,"href":"https:\/\/aresdental.lu\/pt-pt\/wp-json\/wp\/v2\/pages\/3714\/revisions"}],"predecessor-version":[{"id":4901,"href":"https:\/\/aresdental.lu\/pt-pt\/wp-json\/wp\/v2\/pages\/3714\/revisions\/4901"}],"wp:attachment":[{"href":"https:\/\/aresdental.lu\/pt-pt\/wp-json\/wp\/v2\/media?parent=3714"}],"curies":[{"name":"wp","href":"https:\/\/api.w.org\/{rel}","templated":true}]}}