{"id":3757,"date":"2024-04-12T16:20:27","date_gmt":"2024-04-12T14:20:27","guid":{"rendered":"https:\/\/aresdental.rework.agency\/anti-ronco\/"},"modified":"2024-06-17T12:11:44","modified_gmt":"2024-06-17T10:11:44","slug":"anti-ronco","status":"publish","type":"page","link":"https:\/\/aresdental.lu\/pt-pt\/anti-ronco\/","title":{"rendered":"Anti-ronco"},"content":{"rendered":"\t\t<div data-elementor-type=\"wp-page\" data-elementor-id=\"3757\" class=\"elementor elementor-3757 elementor-2322\" data-elementor-post-type=\"page\">\n\t\t\t\t<div class=\"elementor-element elementor-element-69583247 e-flex e-con-boxed e-con e-parent\" data-id=\"69583247\" data-element_type=\"container\" data-settings=\"{&quot;background_background&quot;:&quot;classic&quot;}\">\n\t\t\t\t\t<div class=\"e-con-inner\">\n\t\t\t\t<div class=\"elementor-element elementor-element-28b9d60c elementor-widget elementor-widget-heading\" data-id=\"28b9d60c\" data-element_type=\"widget\" data-widget_type=\"heading.default\">\n\t\t\t\t<div class=\"elementor-widget-container\">\n\t\t\t\t\t<h1 class=\"elementor-heading-title elementor-size-default\">Anti-ronco<\/h1>\t\t\t\t<\/div>\n\t\t\t\t<\/div>\n\t\t\t\t\t<\/div>\n\t\t\t\t<\/div>\n\t\t<section class=\"elementor-element elementor-element-327e1111 e-flex e-con-boxed e-con e-parent\" data-id=\"327e1111\" data-element_type=\"container\">\n\t\t\t\t\t<div class=\"e-con-inner\">\n\t\t<div class=\"elementor-element elementor-element-1d00717e e-con-full e-flex e-con e-child\" data-id=\"1d00717e\" data-element_type=\"container\">\n\t\t\t\t<div class=\"elementor-element elementor-element-37d5e513 elementor-widget elementor-widget-heading\" data-id=\"37d5e513\" data-element_type=\"widget\" data-widget_type=\"heading.default\">\n\t\t\t\t<div class=\"elementor-widget-container\">\n\t\t\t\t\t<span class=\"elementor-heading-title elementor-size-default\">O \u00fanico dispositivo anti-ronco auto-ajust\u00e1vel com efic\u00e1cia comprovada<\/span>\t\t\t\t<\/div>\n\t\t\t\t<\/div>\n\t\t\t\t<div class=\"elementor-element elementor-element-54a6e9ed elementor-widget elementor-widget-heading\" data-id=\"54a6e9ed\" data-element_type=\"widget\" data-widget_type=\"heading.default\">\n\t\t\t\t<div class=\"elementor-widget-container\">\n\t\t\t\t\t<h2 class=\"elementor-heading-title elementor-size-default\">Volta a dormir com o nosso sistema anti-ronco.<\/h2>\t\t\t\t<\/div>\n\t\t\t\t<\/div>\n\t\t\t\t<div class=\"elementor-element elementor-element-34b2c22 elementor-widget elementor-widget-text-editor\" data-id=\"34b2c22\" data-element_type=\"widget\" data-widget_type=\"text-editor.default\">\n\t\t\t\t<div class=\"elementor-widget-container\">\n\t\t\t\t\t\t\t\t\t<p>A Ares Dental oferece o \u00fanico dispositivo anti-ronco auto-ajust\u00e1vel cuja efic\u00e1cia foi avaliada e comprovada em hospitais e cl\u00ednicas por especialistas do sono, otorrinolaringologistas e dentistas em Bruxelas.  <br \/>Estes estudos rigorosos tamb\u00e9m demonstraram que o dispositivo anti-ronco dent\u00e1rio Ares oferece uma excelente toler\u00e2ncia a longo prazo:<\/p>\n<ul>\n<li>  99% dos utilizadores t\u00eam uma boa conformidade.<\/li>\n<li>  Os utilizadores n\u00e3o referem qualquer desconforto e qualquer desconforto sentido \u00e9 considerado menor ou insignificante.<\/li>\n<li>  97% n\u00e3o t\u00eam qualquer impacto significativo nos dentes ou nas articula\u00e7\u00f5es.<\/li>\n<\/ul>\n\t\t\t\t\t\t\t\t<\/div>\n\t\t\t\t<\/div>\n\t\t\t\t<\/div>\n\t\t<div class=\"elementor-element elementor-element-4f7e50b8 e-con-full e-flex e-con e-child\" data-id=\"4f7e50b8\" data-element_type=\"container\" data-settings=\"{&quot;background_background&quot;:&quot;classic&quot;}\">\n\t\t\t\t<\/div>\n\t\t\t\t\t<\/div>\n\t\t\t\t<\/section>\n\t\t<section class=\"elementor-element elementor-element-60569ac5 e-flex e-con-boxed e-con e-parent\" data-id=\"60569ac5\" data-element_type=\"container\">\n\t\t\t\t\t<div class=\"e-con-inner\">\n\t\t<div class=\"elementor-element elementor-element-56763f74 e-con-full e-flex e-con e-child\" data-id=\"56763f74\" data-element_type=\"container\" data-settings=\"{&quot;background_background&quot;:&quot;classic&quot;}\">\n\t\t\t\t<div class=\"elementor-element elementor-element-58984f3 elementor-widget elementor-widget-heading\" data-id=\"58984f3\" data-element_type=\"widget\" data-widget_type=\"heading.default\">\n\t\t\t\t<div class=\"elementor-widget-container\">\n\t\t\t\t\t<h2 class=\"elementor-heading-title elementor-size-default\">Causas do ressonar e factores<\/h2>\t\t\t\t<\/div>\n\t\t\t\t<\/div>\n\t\t\t\t<div class=\"elementor-element elementor-element-33a4d95f elementor-widget elementor-widget-text-editor\" data-id=\"33a4d95f\" data-element_type=\"widget\" data-widget_type=\"text-editor.default\">\n\t\t\t\t<div class=\"elementor-widget-container\">\n\t\t\t\t\t\t\t\t\t<p>Sofres de <strong>roncopatia<\/strong>? Por outras palavras, ressonas? Na maioria dos casos, ressonar \u00e9 completamente normal. No entanto, tudo depende da intensidade do ressonar. Estas poucas linhas v\u00e3o ajudar-te a compreender <strong>as principais causas do ressonar<\/strong>. Compreender porque ressonas j\u00e1 \u00e9 um grande passo: por vezes, basta uma ligeira mudan\u00e7a nos teus h\u00e1bitos para dizeres adeus ao ressonar.<\/p>\n\t\t\t\t\t\t\t\t<\/div>\n\t\t\t\t<\/div>\n\t\t\t\t<div class=\"elementor-element elementor-element-3c9421e elementor-widget elementor-widget-heading\" data-id=\"3c9421e\" data-element_type=\"widget\" data-widget_type=\"heading.default\">\n\t\t\t\t<div class=\"elementor-widget-container\">\n\t\t\t\t\t<h2 class=\"elementor-heading-title elementor-size-default\">Ressonar \u00e9 normal?<\/h2>\t\t\t\t<\/div>\n\t\t\t\t<\/div>\n\t\t\t\t<div class=\"elementor-element elementor-element-bdc0451 elementor-widget elementor-widget-text-editor\" data-id=\"bdc0451\" data-element_type=\"widget\" data-widget_type=\"text-editor.default\">\n\t\t\t\t<div class=\"elementor-widget-container\">\n\t\t\t\t\t\t\t\t\t<p>O ressonar \u00e9 um ru\u00eddo que ocorre durante o sono. Embora desagrad\u00e1vel, o ressonar \u00e9, at\u00e9 certo ponto, normal. Tamb\u00e9m est\u00e1 muito difundido. Sim, uma grande parte da popula\u00e7\u00e3o ressona: 10% das crian\u00e7as e mais de 40% dos adultos com menos de 40 anos. O ressonar torna-se inc\u00f3modo quando atinge um n\u00edvel grave (o n\u00edvel de ru\u00eddo pode atingir 95 decib\u00e9is). Isto pode ter uma s\u00e9rie de efeitos a longo prazo na sa\u00fade. Al\u00e9m disso, uma grande parte das pessoas que ressonam sofrem de apneia do sono sem se aperceberem. Este dist\u00farbio do sono pode igualmente provocar v\u00e1rios problemas de sa\u00fade (sonol\u00eancia excessiva, perturba\u00e7\u00f5es do humor, m\u00e1 qualidade do sono, dificuldade em perder peso, etc.). Ent\u00e3o, como \u00e9 que deixas de ressonar? Para o descobrir, tens de conhecer as causas do ressonar; identific\u00e1-las permitir-te-\u00e1 tratar o ressonar da forma mais eficaz poss\u00edvel.<\/p>\n\t\t\t\t\t\t\t\t<\/div>\n\t\t\t\t<\/div>\n\t\t\t\t<\/div>\n\t\t<div class=\"elementor-element elementor-element-6ebe8e79 e-con-full e-flex e-con e-child\" data-id=\"6ebe8e79\" data-element_type=\"container\">\n\t\t\t\t<div class=\"elementor-element elementor-element-ed143e7 elementor-widget elementor-widget-heading\" data-id=\"ed143e7\" data-element_type=\"widget\" data-widget_type=\"heading.default\">\n\t\t\t\t<div class=\"elementor-widget-container\">\n\t\t\t\t\t<h2 class=\"elementor-heading-title elementor-size-default\">Porque \u00e9 que ressonamos?<\/h2>\t\t\t\t<\/div>\n\t\t\t\t<\/div>\n\t\t\t\t<div class=\"elementor-element elementor-element-cb5504c elementor-widget elementor-widget-text-editor\" data-id=\"cb5504c\" data-element_type=\"widget\" data-widget_type=\"text-editor.default\">\n\t\t\t\t<div class=\"elementor-widget-container\">\n\t\t\t\t\t\t\t\t\t<p><strong>O ressonar \u00e9 causado por vibra\u00e7\u00f5es anormais na faringe durante a inspira\u00e7\u00e3o<\/strong>. Os m\u00fasculos da parte de tr\u00e1s da garganta, da \u00favula, do palato mole e da l\u00edngua relaxam durante o sono profundo. Todos estes \u00f3rg\u00e3os ocupam ent\u00e3o mais espa\u00e7o e obstruem parcialmente as vias respirat\u00f3rias. Quando inspiras, \u00e9 mais dif\u00edcil para o ar circular, o que faz com que a faringe vibre, resultando no ru\u00eddo carater\u00edstico do ressonar. O ressonar est\u00e1 por vezes associado a outras perturba\u00e7\u00f5es respirat\u00f3rias nocturnas, como a apneia do sono.<\/p>\n<p>O ressonar pode ser tempor\u00e1rio, intermitente ou regular. O ressonar, com diferentes graus de intensidade, tem um impacto social significativo. Pode levar a problemas de relacionamento com o teu parceiro e, sobretudo, a um cansa\u00e7o profundo durante o dia. Pode tamb\u00e9m levar a uma perda de aten\u00e7\u00e3o e causar sonol\u00eancia durante o dia. Esta sonol\u00eancia pode ter consequ\u00eancias nefastas para a vida social e profissional da pessoa que dorme. Em alguns casos, podem mesmo p\u00f4-los em perigo, quando conduzem um ve\u00edculo ou realizam uma tarefa arriscada.<\/p>\n\t\t\t\t\t\t\t\t<\/div>\n\t\t\t\t<\/div>\n\t\t\t\t<div class=\"elementor-element elementor-element-25045ab elementor-widget elementor-widget-heading\" data-id=\"25045ab\" data-element_type=\"widget\" data-widget_type=\"heading.default\">\n\t\t\t\t<div class=\"elementor-widget-container\">\n\t\t\t\t\t<span class=\"elementor-heading-title elementor-size-default\">Muitos produtos anti-ronco fazem promessas. Ares Dental traz-te resultados.<\/span>\t\t\t\t<\/div>\n\t\t\t\t<\/div>\n\t\t\t\t<div class=\"elementor-element elementor-element-f3c583a elementor-widget elementor-widget-heading\" data-id=\"f3c583a\" data-element_type=\"widget\" data-widget_type=\"heading.default\">\n\t\t\t\t<div class=\"elementor-widget-container\">\n\t\t\t\t\t<h2 class=\"elementor-heading-title elementor-size-default\">Tratamento com ort\u00f3tese anti-ronco, uma solu\u00e7\u00e3o eficaz para deixar de ressonar\n\n<\/h2>\t\t\t\t<\/div>\n\t\t\t\t<\/div>\n\t\t\t\t<div class=\"elementor-element elementor-element-603b076 elementor-widget elementor-widget-text-editor\" data-id=\"603b076\" data-element_type=\"widget\" data-widget_type=\"text-editor.default\">\n\t\t\t\t<div class=\"elementor-widget-container\">\n\t\t\t\t\t\t\t\t\t<p><span style=\"color: var( --e-global-color-text ); text-align: var(--text-align);\">O ressonar afecta quase <\/span><strong style=\"color: var( --e-global-color-text ); text-align: var(--text-align);\">7 em cada 10 pessoas<\/strong><span style=\"color: var( --e-global-color-text ); text-align: var(--text-align);\">. Para al\u00e9m de afetar a qualidade do sono, o ressonar pode ter consequ\u00eancias graves para a rela\u00e7\u00e3o de um casal. Como \u00e9 que posso deixar de ressonar? O qu\u00ea?  <\/span><strong style=\"color: var( --e-global-color-text ); text-align: var(--text-align);\">tratamentos anti-ronco<\/strong><span style=\"color: var( --e-global-color-text ); text-align: var(--text-align);\">? Falamos-te de todas as solu\u00e7\u00f5es poss\u00edveis para combater o ressonar.<\/span><\/p>\n\t\t\t\t\t\t\t\t<\/div>\n\t\t\t\t<\/div>\n\t\t\t\t<\/div>\n\t\t\t\t\t<\/div>\n\t\t\t\t<\/section>\n\t\t<section class=\"elementor-element elementor-element-2153fdf e-flex e-con-boxed e-con e-parent\" data-id=\"2153fdf\" data-element_type=\"container\">\n\t\t\t\t\t<div class=\"e-con-inner\">\n\t\t<div class=\"elementor-element elementor-element-6ca8e1d e-con-full e-flex e-con e-child\" data-id=\"6ca8e1d\" data-element_type=\"container\" data-settings=\"{&quot;background_background&quot;:&quot;classic&quot;}\">\n\t\t\t\t<\/div>\n\t\t<div class=\"elementor-element elementor-element-d0a6ab3 e-con-full e-flex e-con e-child\" data-id=\"d0a6ab3\" data-element_type=\"container\">\n\t\t\t\t<div class=\"elementor-element elementor-element-c89e5ce elementor-widget elementor-widget-heading\" data-id=\"c89e5ce\" data-element_type=\"widget\" data-widget_type=\"heading.default\">\n\t\t\t\t<div class=\"elementor-widget-container\">\n\t\t\t\t\t<h2 class=\"elementor-heading-title elementor-size-default\">Que tratamento \u00e9 eficaz contra o ressonar?<\/h2>\t\t\t\t<\/div>\n\t\t\t\t<\/div>\n\t\t\t\t<div class=\"elementor-element elementor-element-741a16d elementor-widget elementor-widget-text-editor\" data-id=\"741a16d\" data-element_type=\"widget\" data-widget_type=\"text-editor.default\">\n\t\t\t\t<div class=\"elementor-widget-container\">\n\t\t\t\t\t\t\t\t\t<p><strong>Parar de ressonar<\/strong> \u00e9 tudo menos um passeio no parque: existem tantas solu\u00e7\u00f5es, com diferentes graus de efic\u00e1cia, que quem ressona tem muitas vezes dificuldade em parar. N\u00e3o sabes o que fazer para <strong>tratar a roncopatia<\/strong><strong> <\/strong>? Antes de mais, recomendamos-te que<strong> <\/strong><strong>cuida do teu estilo de vida<\/strong>; a causa de um ressonar ligeiro ou ocasional resulta muitas vezes de uma s\u00e9rie de maus h\u00e1bitos da tua vida quotidiana. Entre elas, a toma de estimulantes \u00e0 noite, comer demasiado tarde ou em excesso, deitar-se tarde&#8230; Cuida do teu estilo de vida para<strong> <\/strong><strong>combate o ressonar<\/strong>.<\/p>\n<p>N\u00e3o funciona? Podes testar o<strong> <\/strong><strong>rem\u00e9dios naturais<\/strong>. A fitoterapia e a aromaterapia podem ser eficazes contra o ressonar muito ligeiro e tempor\u00e1rio. No entanto, estas n\u00e3o s\u00e3o curas milagrosas e podem n\u00e3o funcionar de todo, dependendo da causa do teu ressonar. Em \u00faltimo recurso, se o teu m\u00e9dico o solicitar, podes ser operado para desobstruir as vias respirat\u00f3rias e voltar a ter um sono reparador. Existe outra solu\u00e7\u00e3o para o ressonar que \u00e9 altamente eficaz e n\u00e3o muito restritiva: opta por uma ort\u00f3tese de avan\u00e7o mandibular.<\/p>\n\t\t\t\t\t\t\t\t<\/div>\n\t\t\t\t<\/div>\n\t\t\t\t<div class=\"elementor-element elementor-element-e0caa86 elementor-widget elementor-widget-text-editor\" data-id=\"e0caa86\" data-element_type=\"widget\" data-widget_type=\"text-editor.default\">\n\t\t\t\t<div class=\"elementor-widget-container\">\n\t\t\t\t\t\t\t\t\t<p>Opta por um tratamento anti-ronco eficaz com um aparelho feito \u00e0 medida. A nossa pr\u00f3tese anti-ronco de avan\u00e7o mandibular foi testada e comprovada: \u00e9 um <strong>tratamento anti-ronco<\/strong> particularmente eficaz e econ\u00f3mico em compara\u00e7\u00e3o com outras solu\u00e7\u00f5es. A pr\u00f3tese anti-ronco \u00e9 uma<strong> <\/strong><strong>bandeja para colocar sobre os dentes<\/strong><strong> <\/strong>antes de ires para a cama. Simples de colocar, compensa o estreitamento das vias respirat\u00f3rias durante a noite. Permite que o ar passe mais facilmente, mantendo o maxilar inferior e a l\u00edngua na posi\u00e7\u00e3o correcta enquanto <strong>dormes<\/strong>. Este protetor bucal \u00e9 muito eficaz porque actua diretamente sobre as causas do ressonar. \u00c9 recomendado para pacientes que sofrem de ressonar devido a v\u00e1rios factores, como a s\u00edndrome da apneia do sono.<\/p>\n\t\t\t\t\t\t\t\t<\/div>\n\t\t\t\t<\/div>\n\t\t\t\t<\/div>\n\t\t\t\t\t<\/div>\n\t\t\t\t<\/section>\n\t\t\t\t<\/div>\n\t\t","protected":false},"excerpt":{"rendered":"<p>O \u00fanico dispositivo anti-ronco auto-ajust\u00e1vel com efic\u00e1cia comprovada Volta a dormir com o nosso sistema anti-ronco. A Ares Dental oferece o \u00fanico dispositivo anti-ronco auto-ajust\u00e1vel cuja efic\u00e1cia foi avaliada e comprovada em hospitais e cl\u00ednicas por especialistas do sono, otorrinolaringologistas e dentistas em Bruxelas. Estes estudos rigorosos tamb\u00e9m demonstraram que o dispositivo anti-ronco dent\u00e1rio Ares [&hellip;]<\/p>\n","protected":false},"author":1,"featured_media":0,"parent":0,"menu_order":0,"comment_status":"closed","ping_status":"closed","template":"","meta":{"_acf_changed":false,"footnotes":""},"class_list":["post-3757","page","type-page","status-publish","hentry"],"acf":[],"yoast_head":"<!-- This site is optimized with the Yoast SEO plugin v24.6 - https:\/\/yoast.com\/wordpress\/plugins\/seo\/ -->\n<title>Anti-ronco - Ares Dental<\/title>\n<meta name=\"robots\" content=\"index, follow, max-snippet:-1, max-image-preview:large, max-video-preview:-1\" \/>\n<link rel=\"canonical\" href=\"https:\/\/aresdental.lu\/pt-pt\/anti-ronco\/\" \/>\n<meta property=\"og:locale\" content=\"pt_PT\" \/>\n<meta property=\"og:type\" content=\"article\" \/>\n<meta property=\"og:title\" content=\"Anti-ronco - Ares Dental\" \/>\n<meta property=\"og:description\" content=\"O \u00fanico dispositivo anti-ronco auto-ajust\u00e1vel com efic\u00e1cia comprovada Volta a dormir com o nosso sistema anti-ronco. A Ares Dental oferece o \u00fanico dispositivo anti-ronco auto-ajust\u00e1vel cuja efic\u00e1cia foi avaliada e comprovada em hospitais e cl\u00ednicas por especialistas do sono, otorrinolaringologistas e dentistas em Bruxelas. Estes estudos rigorosos tamb\u00e9m demonstraram que o dispositivo anti-ronco dent\u00e1rio Ares [&hellip;]\" \/>\n<meta property=\"og:url\" content=\"https:\/\/aresdental.lu\/pt-pt\/anti-ronco\/\" \/>\n<meta property=\"og:site_name\" content=\"Ares Dental\" \/>\n<meta property=\"article:publisher\" content=\"https:\/\/www.facebook.com\/profile.php?id=100095503992930\" \/>\n<meta property=\"article:modified_time\" content=\"2024-06-17T10:11:44+00:00\" \/>\n<meta property=\"og:image\" content=\"https:\/\/aresdental.lu\/wp-content\/uploads\/2024\/03\/cabinetref.png\" \/>\n\t<meta property=\"og:image:width\" content=\"726\" \/>\n\t<meta property=\"og:image:height\" content=\"542\" \/>\n\t<meta property=\"og:image:type\" content=\"image\/png\" \/>\n<meta name=\"twitter:card\" content=\"summary_large_image\" \/>\n<meta name=\"twitter:label1\" content=\"Tempo estimado de leitura\" \/>\n\t<meta name=\"twitter:data1\" content=\"5 minutos\" \/>\n<script type=\"application\/ld+json\" class=\"yoast-schema-graph\">{\"@context\":\"https:\/\/schema.org\",\"@graph\":[{\"@type\":\"WebPage\",\"@id\":\"https:\/\/aresdental.lu\/pt-pt\/anti-ronco\/\",\"url\":\"https:\/\/aresdental.lu\/pt-pt\/anti-ronco\/\",\"name\":\"Anti-ronco - Ares Dental\",\"isPartOf\":{\"@id\":\"https:\/\/aresdental.lu\/pt-pt\/#website\"},\"datePublished\":\"2024-04-12T14:20:27+00:00\",\"dateModified\":\"2024-06-17T10:11:44+00:00\",\"breadcrumb\":{\"@id\":\"https:\/\/aresdental.lu\/pt-pt\/anti-ronco\/#breadcrumb\"},\"inLanguage\":\"pt-PT\",\"potentialAction\":[{\"@type\":\"ReadAction\",\"target\":[\"https:\/\/aresdental.lu\/pt-pt\/anti-ronco\/\"]}]},{\"@type\":\"BreadcrumbList\",\"@id\":\"https:\/\/aresdental.lu\/pt-pt\/anti-ronco\/#breadcrumb\",\"itemListElement\":[{\"@type\":\"ListItem\",\"position\":1,\"name\":\"Accueil\",\"item\":\"https:\/\/aresdental.lu\/pt-pt\/\"},{\"@type\":\"ListItem\",\"position\":2,\"name\":\"Anti-ronco\"}]},{\"@type\":\"WebSite\",\"@id\":\"https:\/\/aresdental.lu\/pt-pt\/#website\",\"url\":\"https:\/\/aresdental.lu\/pt-pt\/\",\"name\":\"Ares Dental\",\"description\":\"Centre dentaire Luxembourg - Dentiste sp\u00e9cialiste\",\"publisher\":{\"@id\":\"https:\/\/aresdental.lu\/pt-pt\/#organization\"},\"alternateName\":\"Ares Dental\",\"potentialAction\":[{\"@type\":\"SearchAction\",\"target\":{\"@type\":\"EntryPoint\",\"urlTemplate\":\"https:\/\/aresdental.lu\/pt-pt\/?s={search_term_string}\"},\"query-input\":{\"@type\":\"PropertyValueSpecification\",\"valueRequired\":true,\"valueName\":\"search_term_string\"}}],\"inLanguage\":\"pt-PT\"},{\"@type\":\"Organization\",\"@id\":\"https:\/\/aresdental.lu\/pt-pt\/#organization\",\"name\":\"Ares Dental\",\"alternateName\":\"Ares Dental\",\"url\":\"https:\/\/aresdental.lu\/pt-pt\/\",\"logo\":{\"@type\":\"ImageObject\",\"inLanguage\":\"pt-PT\",\"@id\":\"https:\/\/aresdental.lu\/pt-pt\/#\/schema\/logo\/image\/\",\"url\":\"https:\/\/aresdental.lu\/wp-content\/uploads\/2024\/03\/logosite.svg\",\"contentUrl\":\"https:\/\/aresdental.lu\/wp-content\/uploads\/2024\/03\/logosite.svg\",\"width\":113,\"height\":84,\"caption\":\"Ares Dental\"},\"image\":{\"@id\":\"https:\/\/aresdental.lu\/pt-pt\/#\/schema\/logo\/image\/\"},\"sameAs\":[\"https:\/\/www.facebook.com\/profile.php?id=100095503992930\",\"https:\/\/www.linkedin.com\/in\/ares-dental-4833b2287\",\"https:\/\/www.instagram.com\/aresdentalluxembourg\"]}]}<\/script>\n<!-- \/ Yoast SEO plugin. -->","yoast_head_json":{"title":"Anti-ronco - Ares Dental","robots":{"index":"index","follow":"follow","max-snippet":"max-snippet:-1","max-image-preview":"max-image-preview:large","max-video-preview":"max-video-preview:-1"},"canonical":"https:\/\/aresdental.lu\/pt-pt\/anti-ronco\/","og_locale":"pt_PT","og_type":"article","og_title":"Anti-ronco - Ares Dental","og_description":"O \u00fanico dispositivo anti-ronco auto-ajust\u00e1vel com efic\u00e1cia comprovada Volta a dormir com o nosso sistema anti-ronco. A Ares Dental oferece o \u00fanico dispositivo anti-ronco auto-ajust\u00e1vel cuja efic\u00e1cia foi avaliada e comprovada em hospitais e cl\u00ednicas por especialistas do sono, otorrinolaringologistas e dentistas em Bruxelas. Estes estudos rigorosos tamb\u00e9m demonstraram que o dispositivo anti-ronco dent\u00e1rio Ares [&hellip;]","og_url":"https:\/\/aresdental.lu\/pt-pt\/anti-ronco\/","og_site_name":"Ares Dental","article_publisher":"https:\/\/www.facebook.com\/profile.php?id=100095503992930","article_modified_time":"2024-06-17T10:11:44+00:00","og_image":[{"width":726,"height":542,"url":"https:\/\/aresdental.lu\/wp-content\/uploads\/2024\/03\/cabinetref.png","type":"image\/png"}],"twitter_card":"summary_large_image","twitter_misc":{"Tempo estimado de leitura":"5 minutos"},"schema":{"@context":"https:\/\/schema.org","@graph":[{"@type":"WebPage","@id":"https:\/\/aresdental.lu\/pt-pt\/anti-ronco\/","url":"https:\/\/aresdental.lu\/pt-pt\/anti-ronco\/","name":"Anti-ronco - Ares Dental","isPartOf":{"@id":"https:\/\/aresdental.lu\/pt-pt\/#website"},"datePublished":"2024-04-12T14:20:27+00:00","dateModified":"2024-06-17T10:11:44+00:00","breadcrumb":{"@id":"https:\/\/aresdental.lu\/pt-pt\/anti-ronco\/#breadcrumb"},"inLanguage":"pt-PT","potentialAction":[{"@type":"ReadAction","target":["https:\/\/aresdental.lu\/pt-pt\/anti-ronco\/"]}]},{"@type":"BreadcrumbList","@id":"https:\/\/aresdental.lu\/pt-pt\/anti-ronco\/#breadcrumb","itemListElement":[{"@type":"ListItem","position":1,"name":"Accueil","item":"https:\/\/aresdental.lu\/pt-pt\/"},{"@type":"ListItem","position":2,"name":"Anti-ronco"}]},{"@type":"WebSite","@id":"https:\/\/aresdental.lu\/pt-pt\/#website","url":"https:\/\/aresdental.lu\/pt-pt\/","name":"Ares Dental","description":"Centre dentaire Luxembourg - Dentiste sp\u00e9cialiste","publisher":{"@id":"https:\/\/aresdental.lu\/pt-pt\/#organization"},"alternateName":"Ares Dental","potentialAction":[{"@type":"SearchAction","target":{"@type":"EntryPoint","urlTemplate":"https:\/\/aresdental.lu\/pt-pt\/?s={search_term_string}"},"query-input":{"@type":"PropertyValueSpecification","valueRequired":true,"valueName":"search_term_string"}}],"inLanguage":"pt-PT"},{"@type":"Organization","@id":"https:\/\/aresdental.lu\/pt-pt\/#organization","name":"Ares Dental","alternateName":"Ares Dental","url":"https:\/\/aresdental.lu\/pt-pt\/","logo":{"@type":"ImageObject","inLanguage":"pt-PT","@id":"https:\/\/aresdental.lu\/pt-pt\/#\/schema\/logo\/image\/","url":"https:\/\/aresdental.lu\/wp-content\/uploads\/2024\/03\/logosite.svg","contentUrl":"https:\/\/aresdental.lu\/wp-content\/uploads\/2024\/03\/logosite.svg","width":113,"height":84,"caption":"Ares Dental"},"image":{"@id":"https:\/\/aresdental.lu\/pt-pt\/#\/schema\/logo\/image\/"},"sameAs":["https:\/\/www.facebook.com\/profile.php?id=100095503992930","https:\/\/www.linkedin.com\/in\/ares-dental-4833b2287","https:\/\/www.instagram.com\/aresdentalluxembourg"]}]}},"_links":{"self":[{"href":"https:\/\/aresdental.lu\/pt-pt\/wp-json\/wp\/v2\/pages\/3757","targetHints":{"allow":["GET"]}}],"collection":[{"href":"https:\/\/aresdental.lu\/pt-pt\/wp-json\/wp\/v2\/pages"}],"about":[{"href":"https:\/\/aresdental.lu\/pt-pt\/wp-json\/wp\/v2\/types\/page"}],"author":[{"embeddable":true,"href":"https:\/\/aresdental.lu\/pt-pt\/wp-json\/wp\/v2\/users\/1"}],"replies":[{"embeddable":true,"href":"https:\/\/aresdental.lu\/pt-pt\/wp-json\/wp\/v2\/comments?post=3757"}],"version-history":[{"count":4,"href":"https:\/\/aresdental.lu\/pt-pt\/wp-json\/wp\/v2\/pages\/3757\/revisions"}],"predecessor-version":[{"id":5344,"href":"https:\/\/aresdental.lu\/pt-pt\/wp-json\/wp\/v2\/pages\/3757\/revisions\/5344"}],"wp:attachment":[{"href":"https:\/\/aresdental.lu\/pt-pt\/wp-json\/wp\/v2\/media?parent=3757"}],"curies":[{"name":"wp","href":"https:\/\/api.w.org\/{rel}","templated":true}]}}