{"id":4948,"date":"2024-05-24T16:15:51","date_gmt":"2024-05-24T14:15:51","guid":{"rendered":"https:\/\/aresdental.lu\/informacao-juridica\/"},"modified":"2024-05-24T16:31:43","modified_gmt":"2024-05-24T14:31:43","slug":"informacao-juridica","status":"publish","type":"page","link":"https:\/\/aresdental.lu\/pt-pt\/informacao-juridica\/","title":{"rendered":"Informa\u00e7\u00e3o jur\u00eddica"},"content":{"rendered":"\t\t<div data-elementor-type=\"wp-page\" data-elementor-id=\"4948\" class=\"elementor elementor-4948 elementor-4944\" data-elementor-post-type=\"page\">\n\t\t\t\t<div class=\"elementor-element elementor-element-228e67e e-flex e-con-boxed e-con e-parent\" data-id=\"228e67e\" data-element_type=\"container\" data-settings=\"{&quot;background_background&quot;:&quot;classic&quot;}\">\n\t\t\t\t\t<div class=\"e-con-inner\">\n\t\t\t\t\t<\/div>\n\t\t\t\t<\/div>\n\t\t<div class=\"elementor-element elementor-element-15e91e7 e-flex e-con-boxed e-con e-parent\" data-id=\"15e91e7\" data-element_type=\"container\">\n\t\t\t\t\t<div class=\"e-con-inner\">\n\t\t\t\t<div class=\"elementor-element elementor-element-2b833e8 elementor-widget elementor-widget-text-editor\" data-id=\"2b833e8\" data-element_type=\"widget\" data-widget_type=\"text-editor.default\">\n\t\t\t\t<div class=\"elementor-widget-container\">\n\t\t\t\t\t\t\t\t\t<table class=\"table table-bordered\">\n<tbody>\n<tr>\n<td>\n<p><strong>Nome da empresa<\/strong><\/p>\n<\/td>\n<td>\n<p>ARES DENTAL<\/p>\n<\/td>\n<\/tr>\n<tr>\n<td>\n<p><strong>Sede e armaz\u00e9m<\/strong><\/p>\n<\/td>\n<td>\n<p>80 route d&#8217;arlon,<\/p>\n<\/td>\n<\/tr>\n<tr>\n<td>\n<p><strong>C\u00f3digo postal<\/strong><\/p>\n<\/td>\n<td>\n<p>8210<\/p>\n<\/td>\n<\/tr>\n<tr>\n<td>\n<p><strong>Cidade<\/strong><\/p>\n<\/td>\n<td>\n<p>Mamer<\/p>\n<\/td>\n<\/tr>\n<tr>\n<td>\n<p><strong>Pa\u00eds<\/strong><\/p>\n<\/td>\n<td>\n<p>Luxemburgo<\/p>\n<\/td>\n<\/tr>\n<tr>\n<td>\n<p><strong>Telefone<\/strong><\/p>\n<\/td>\n<td>\n<p>+352 26 31 35 17<\/p>\n<\/td>\n<\/tr>\n<tr>\n<td>\n<p><strong>Correio eletr\u00f3nico<\/strong><\/p>\n<\/td>\n<td>\n<p>info@aresdental.lu<\/p>\n<\/td>\n<\/tr>\n<tr>\n<td>\n<p><strong>S\u00edtio Web<\/strong><\/p>\n<\/td>\n<td>\n<p><blockquote class=\"wp-embedded-content\" data-secret=\"ebUzA2XVb7\"><a href=\"https:\/\/aresdental.lu\/pt-pt\/\">Casa<\/a><\/blockquote><iframe class=\"wp-embedded-content\" sandbox=\"allow-scripts\" security=\"restricted\" style=\"position: absolute; clip: rect(1px, 1px, 1px, 1px);\" title=\"&#8220;Casa&#8221; &#8212; Ares Dental\" src=\"https:\/\/aresdental.lu\/pt-pt\/embed\/#?secret=fZZfhWGYlh#?secret=ebUzA2XVb7\" data-secret=\"ebUzA2XVb7\" width=\"600\" height=\"338\" frameborder=\"0\" marginwidth=\"0\" marginheight=\"0\" scrolling=\"no\"><\/iframe><\/p>\n<\/td>\n<\/tr>\n<tr>\n<td>\n<p><strong>Hor\u00e1rio de abertura<\/strong><\/p>\n<\/td>\n<td>\n<p>De segunda a sexta-feira<\/p>\n<p>09:00-20:00<\/p>\n<p>S\u00e1bado<\/p>\n<p>10:00 &#8211; 16:00<\/p>\n<p>Domingo<\/p>\n<p>Fechado<\/p>\n<\/td>\n<\/tr>\n<\/tbody>\n<\/table>\n\t\t\t\t\t\t\t\t<\/div>\n\t\t\t\t<\/div>\n\t\t\t\t\t<\/div>\n\t\t\t\t<\/div>\n\t\t\t\t<\/div>\n\t\t","protected":false},"excerpt":{"rendered":"<p>Nome da empresa ARES DENTAL Sede e armaz\u00e9m 80 route d&#8217;arlon, C\u00f3digo postal 8210 Cidade Mamer Pa\u00eds Luxemburgo Telefone +352 26 31 35 17 Correio eletr\u00f3nico info@aresdental.lu S\u00edtio Web Casa Hor\u00e1rio de abertura De segunda a sexta-feira 09:00-20:00 S\u00e1bado 10:00 &#8211; 16:00 Domingo Fechado<\/p>\n","protected":false},"author":1,"featured_media":0,"parent":0,"menu_order":0,"comment_status":"closed","ping_status":"closed","template":"","meta":{"_acf_changed":false,"footnotes":""},"class_list":["post-4948","page","type-page","status-publish","hentry"],"acf":[],"yoast_head":"<!-- This site is optimized with the Yoast SEO plugin v24.6 - https:\/\/yoast.com\/wordpress\/plugins\/seo\/ -->\n<title>Informa\u00e7\u00e3o jur\u00eddica - Ares Dental<\/title>\n<meta name=\"robots\" content=\"index, follow, max-snippet:-1, max-image-preview:large, max-video-preview:-1\" \/>\n<link rel=\"canonical\" href=\"https:\/\/aresdental.lu\/pt-pt\/informacao-juridica\/\" \/>\n<meta property=\"og:locale\" content=\"pt_PT\" \/>\n<meta property=\"og:type\" content=\"article\" \/>\n<meta property=\"og:title\" content=\"Informa\u00e7\u00e3o jur\u00eddica - Ares Dental\" \/>\n<meta property=\"og:description\" content=\"Nome da empresa ARES DENTAL Sede e armaz\u00e9m 80 route d&#8217;arlon, C\u00f3digo postal 8210 Cidade Mamer Pa\u00eds Luxemburgo Telefone +352 26 31 35 17 Correio eletr\u00f3nico info@aresdental.lu S\u00edtio Web Casa Hor\u00e1rio de abertura De segunda a sexta-feira 09:00-20:00 S\u00e1bado 10:00 &#8211; 16:00 Domingo Fechado\" \/>\n<meta property=\"og:url\" content=\"https:\/\/aresdental.lu\/pt-pt\/informacao-juridica\/\" \/>\n<meta property=\"og:site_name\" content=\"Ares Dental\" \/>\n<meta property=\"article:publisher\" content=\"https:\/\/www.facebook.com\/profile.php?id=100095503992930\" \/>\n<meta property=\"article:modified_time\" content=\"2024-05-24T14:31:43+00:00\" \/>\n<meta property=\"og:image\" content=\"https:\/\/aresdental.lu\/wp-content\/uploads\/2024\/03\/cabinetref.png\" \/>\n\t<meta property=\"og:image:width\" content=\"726\" \/>\n\t<meta property=\"og:image:height\" content=\"542\" \/>\n\t<meta property=\"og:image:type\" content=\"image\/png\" \/>\n<meta name=\"twitter:card\" content=\"summary_large_image\" \/>\n<script type=\"application\/ld+json\" class=\"yoast-schema-graph\">{\"@context\":\"https:\/\/schema.org\",\"@graph\":[{\"@type\":\"WebPage\",\"@id\":\"https:\/\/aresdental.lu\/pt-pt\/informacao-juridica\/\",\"url\":\"https:\/\/aresdental.lu\/pt-pt\/informacao-juridica\/\",\"name\":\"Informa\u00e7\u00e3o jur\u00eddica - Ares Dental\",\"isPartOf\":{\"@id\":\"https:\/\/aresdental.lu\/pt-pt\/#website\"},\"datePublished\":\"2024-05-24T14:15:51+00:00\",\"dateModified\":\"2024-05-24T14:31:43+00:00\",\"breadcrumb\":{\"@id\":\"https:\/\/aresdental.lu\/pt-pt\/informacao-juridica\/#breadcrumb\"},\"inLanguage\":\"pt-PT\",\"potentialAction\":[{\"@type\":\"ReadAction\",\"target\":[\"https:\/\/aresdental.lu\/pt-pt\/informacao-juridica\/\"]}]},{\"@type\":\"BreadcrumbList\",\"@id\":\"https:\/\/aresdental.lu\/pt-pt\/informacao-juridica\/#breadcrumb\",\"itemListElement\":[{\"@type\":\"ListItem\",\"position\":1,\"name\":\"Accueil\",\"item\":\"https:\/\/aresdental.lu\/pt-pt\/\"},{\"@type\":\"ListItem\",\"position\":2,\"name\":\"Informa\u00e7\u00e3o jur\u00eddica\"}]},{\"@type\":\"WebSite\",\"@id\":\"https:\/\/aresdental.lu\/pt-pt\/#website\",\"url\":\"https:\/\/aresdental.lu\/pt-pt\/\",\"name\":\"Ares Dental\",\"description\":\"Centre dentaire Luxembourg - Dentiste sp\u00e9cialiste\",\"publisher\":{\"@id\":\"https:\/\/aresdental.lu\/pt-pt\/#organization\"},\"alternateName\":\"Ares Dental\",\"potentialAction\":[{\"@type\":\"SearchAction\",\"target\":{\"@type\":\"EntryPoint\",\"urlTemplate\":\"https:\/\/aresdental.lu\/pt-pt\/?s={search_term_string}\"},\"query-input\":{\"@type\":\"PropertyValueSpecification\",\"valueRequired\":true,\"valueName\":\"search_term_string\"}}],\"inLanguage\":\"pt-PT\"},{\"@type\":\"Organization\",\"@id\":\"https:\/\/aresdental.lu\/pt-pt\/#organization\",\"name\":\"Ares Dental\",\"alternateName\":\"Ares Dental\",\"url\":\"https:\/\/aresdental.lu\/pt-pt\/\",\"logo\":{\"@type\":\"ImageObject\",\"inLanguage\":\"pt-PT\",\"@id\":\"https:\/\/aresdental.lu\/pt-pt\/#\/schema\/logo\/image\/\",\"url\":\"https:\/\/aresdental.lu\/wp-content\/uploads\/2024\/03\/logosite.svg\",\"contentUrl\":\"https:\/\/aresdental.lu\/wp-content\/uploads\/2024\/03\/logosite.svg\",\"width\":113,\"height\":84,\"caption\":\"Ares Dental\"},\"image\":{\"@id\":\"https:\/\/aresdental.lu\/pt-pt\/#\/schema\/logo\/image\/\"},\"sameAs\":[\"https:\/\/www.facebook.com\/profile.php?id=100095503992930\",\"https:\/\/www.linkedin.com\/in\/ares-dental-4833b2287\",\"https:\/\/www.instagram.com\/aresdentalluxembourg\"]}]}<\/script>\n<!-- \/ Yoast SEO plugin. -->","yoast_head_json":{"title":"Informa\u00e7\u00e3o jur\u00eddica - Ares Dental","robots":{"index":"index","follow":"follow","max-snippet":"max-snippet:-1","max-image-preview":"max-image-preview:large","max-video-preview":"max-video-preview:-1"},"canonical":"https:\/\/aresdental.lu\/pt-pt\/informacao-juridica\/","og_locale":"pt_PT","og_type":"article","og_title":"Informa\u00e7\u00e3o jur\u00eddica - Ares Dental","og_description":"Nome da empresa ARES DENTAL Sede e armaz\u00e9m 80 route d&#8217;arlon, C\u00f3digo postal 8210 Cidade Mamer Pa\u00eds Luxemburgo Telefone +352 26 31 35 17 Correio eletr\u00f3nico info@aresdental.lu S\u00edtio Web Casa Hor\u00e1rio de abertura De segunda a sexta-feira 09:00-20:00 S\u00e1bado 10:00 &#8211; 16:00 Domingo Fechado","og_url":"https:\/\/aresdental.lu\/pt-pt\/informacao-juridica\/","og_site_name":"Ares Dental","article_publisher":"https:\/\/www.facebook.com\/profile.php?id=100095503992930","article_modified_time":"2024-05-24T14:31:43+00:00","og_image":[{"width":726,"height":542,"url":"https:\/\/aresdental.lu\/wp-content\/uploads\/2024\/03\/cabinetref.png","type":"image\/png"}],"twitter_card":"summary_large_image","schema":{"@context":"https:\/\/schema.org","@graph":[{"@type":"WebPage","@id":"https:\/\/aresdental.lu\/pt-pt\/informacao-juridica\/","url":"https:\/\/aresdental.lu\/pt-pt\/informacao-juridica\/","name":"Informa\u00e7\u00e3o jur\u00eddica - Ares Dental","isPartOf":{"@id":"https:\/\/aresdental.lu\/pt-pt\/#website"},"datePublished":"2024-05-24T14:15:51+00:00","dateModified":"2024-05-24T14:31:43+00:00","breadcrumb":{"@id":"https:\/\/aresdental.lu\/pt-pt\/informacao-juridica\/#breadcrumb"},"inLanguage":"pt-PT","potentialAction":[{"@type":"ReadAction","target":["https:\/\/aresdental.lu\/pt-pt\/informacao-juridica\/"]}]},{"@type":"BreadcrumbList","@id":"https:\/\/aresdental.lu\/pt-pt\/informacao-juridica\/#breadcrumb","itemListElement":[{"@type":"ListItem","position":1,"name":"Accueil","item":"https:\/\/aresdental.lu\/pt-pt\/"},{"@type":"ListItem","position":2,"name":"Informa\u00e7\u00e3o jur\u00eddica"}]},{"@type":"WebSite","@id":"https:\/\/aresdental.lu\/pt-pt\/#website","url":"https:\/\/aresdental.lu\/pt-pt\/","name":"Ares Dental","description":"Centre dentaire Luxembourg - Dentiste sp\u00e9cialiste","publisher":{"@id":"https:\/\/aresdental.lu\/pt-pt\/#organization"},"alternateName":"Ares Dental","potentialAction":[{"@type":"SearchAction","target":{"@type":"EntryPoint","urlTemplate":"https:\/\/aresdental.lu\/pt-pt\/?s={search_term_string}"},"query-input":{"@type":"PropertyValueSpecification","valueRequired":true,"valueName":"search_term_string"}}],"inLanguage":"pt-PT"},{"@type":"Organization","@id":"https:\/\/aresdental.lu\/pt-pt\/#organization","name":"Ares Dental","alternateName":"Ares Dental","url":"https:\/\/aresdental.lu\/pt-pt\/","logo":{"@type":"ImageObject","inLanguage":"pt-PT","@id":"https:\/\/aresdental.lu\/pt-pt\/#\/schema\/logo\/image\/","url":"https:\/\/aresdental.lu\/wp-content\/uploads\/2024\/03\/logosite.svg","contentUrl":"https:\/\/aresdental.lu\/wp-content\/uploads\/2024\/03\/logosite.svg","width":113,"height":84,"caption":"Ares Dental"},"image":{"@id":"https:\/\/aresdental.lu\/pt-pt\/#\/schema\/logo\/image\/"},"sameAs":["https:\/\/www.facebook.com\/profile.php?id=100095503992930","https:\/\/www.linkedin.com\/in\/ares-dental-4833b2287","https:\/\/www.instagram.com\/aresdentalluxembourg"]}]}},"_links":{"self":[{"href":"https:\/\/aresdental.lu\/pt-pt\/wp-json\/wp\/v2\/pages\/4948","targetHints":{"allow":["GET"]}}],"collection":[{"href":"https:\/\/aresdental.lu\/pt-pt\/wp-json\/wp\/v2\/pages"}],"about":[{"href":"https:\/\/aresdental.lu\/pt-pt\/wp-json\/wp\/v2\/types\/page"}],"author":[{"embeddable":true,"href":"https:\/\/aresdental.lu\/pt-pt\/wp-json\/wp\/v2\/users\/1"}],"replies":[{"embeddable":true,"href":"https:\/\/aresdental.lu\/pt-pt\/wp-json\/wp\/v2\/comments?post=4948"}],"version-history":[{"count":2,"href":"https:\/\/aresdental.lu\/pt-pt\/wp-json\/wp\/v2\/pages\/4948\/revisions"}],"predecessor-version":[{"id":4959,"href":"https:\/\/aresdental.lu\/pt-pt\/wp-json\/wp\/v2\/pages\/4948\/revisions\/4959"}],"wp:attachment":[{"href":"https:\/\/aresdental.lu\/pt-pt\/wp-json\/wp\/v2\/media?parent=4948"}],"curies":[{"name":"wp","href":"https:\/\/api.w.org\/{rel}","templated":true}]}}