{"id":6755,"date":"2025-01-29T09:17:59","date_gmt":"2025-01-29T08:17:59","guid":{"rendered":"https:\/\/aresdental.lu\/?page_id=6755"},"modified":"2025-01-29T09:18:00","modified_gmt":"2025-01-29T08:18:00","slug":"medicina-dentaria-2","status":"publish","type":"page","link":"https:\/\/aresdental.lu\/pt-pt\/medicina-dentaria\/medicina-dentaria-2\/","title":{"rendered":"Medicina dent\u00e1ria"},"content":{"rendered":"\t\t<div data-elementor-type=\"wp-page\" data-elementor-id=\"6755\" class=\"elementor elementor-6755 elementor-6752\" data-elementor-post-type=\"page\">\n\t\t\t\t<div class=\"elementor-element elementor-element-870306e e-flex e-con-boxed e-con e-parent\" data-id=\"870306e\" data-element_type=\"container\" data-settings=\"{&quot;background_background&quot;:&quot;classic&quot;}\">\n\t\t\t\t\t<div class=\"e-con-inner\">\n\t\t\t\t\t<\/div>\n\t\t\t\t<\/div>\n\t\t<section class=\"elementor-element elementor-element-7bcea80b e-flex e-con-boxed e-con e-parent\" data-id=\"7bcea80b\" data-element_type=\"container\">\n\t\t\t\t\t<div class=\"e-con-inner\">\n\t\t<div class=\"elementor-element elementor-element-1f35fcb8 e-con-full e-flex e-con e-child\" data-id=\"1f35fcb8\" data-element_type=\"container\">\n\t\t\t\t<div class=\"elementor-element elementor-element-59c1295c elementor-widget elementor-widget-heading\" data-id=\"59c1295c\" data-element_type=\"widget\" data-widget_type=\"heading.default\">\n\t\t\t\t<div class=\"elementor-widget-container\">\n\t\t\t\t\t<span class=\"elementor-heading-title elementor-size-default\">Um grande sorriso come\u00e7a com um grande dentista<\/span>\t\t\t\t<\/div>\n\t\t\t\t<\/div>\n\t\t\t\t<div class=\"elementor-element elementor-element-fb5f747 elementor-widget elementor-widget-heading\" data-id=\"fb5f747\" data-element_type=\"widget\" data-widget_type=\"heading.default\">\n\t\t\t\t<div class=\"elementor-widget-container\">\n\t\t\t\t\t<h2 class=\"elementor-heading-title elementor-size-default\">Dentisteria operat\u00f3ria<\/h2>\t\t\t\t<\/div>\n\t\t\t\t<\/div>\n\t\t\t\t<div class=\"elementor-element elementor-element-4ff92635 elementor-widget elementor-widget-text-editor\" data-id=\"4ff92635\" data-element_type=\"widget\" data-widget_type=\"text-editor.default\">\n\t\t\t\t<div class=\"elementor-widget-container\">\n\t\t\t\t\t\t\t\t\t<p>O nosso conceito de cirurgia dent\u00e1ria \u00e9: preven\u00e7\u00e3o para manter uma boa sa\u00fade oral. Tratamentos simples de c\u00e1ries feitos atempadamente podem poupar muitas despesas e inconvenientes mais tarde.<\/p>\n<p>N\u00e3o utiliza merc\u00fario no tratamento de obtura\u00e7\u00f5es de c\u00e1ries! Os nossos dentistas autorizados utilizam apenas comp\u00f3sitos de alta qualidade. Os dentes tratados nos nossos consult\u00f3rios recuperam toda a sua cor natural e a obtura\u00e7\u00e3o \u00e9 praticamente invis\u00edvel. \u00c9 por isso que preferimos utilizar este material, que \u00e9 incomparavelmente mais dur\u00e1vel e resistente do que h\u00e1 alguns anos atr\u00e1s.<\/p>\n\t\t\t\t\t\t\t\t<\/div>\n\t\t\t\t<\/div>\n\t\t\t\t<div class=\"elementor-element elementor-element-d187bbe elementor-mobile-align-center elementor-mobile_extra-align-center elementor-widget elementor-widget-button\" data-id=\"d187bbe\" data-element_type=\"widget\" data-widget_type=\"button.default\">\n\t\t\t\t<div class=\"elementor-widget-container\">\n\t\t\t\t\t\t\t\t\t<div class=\"elementor-button-wrapper\">\n\t\t\t\t\t<a class=\"elementor-button elementor-button-link elementor-size-sm\" href=\"#\">\n\t\t\t\t\t\t<span class=\"elementor-button-content-wrapper\">\n\t\t\t\t\t\t\t\t\t<span class=\"elementor-button-text\">Nomea\u00e7\u00f5es<\/span>\n\t\t\t\t\t<\/span>\n\t\t\t\t\t<\/a>\n\t\t\t\t<\/div>\n\t\t\t\t\t\t\t\t<\/div>\n\t\t\t\t<\/div>\n\t\t\t\t<\/div>\n\t\t<div class=\"elementor-element elementor-element-7222719a e-con-full e-flex e-con e-child\" data-id=\"7222719a\" data-element_type=\"container\" data-settings=\"{&quot;background_background&quot;:&quot;classic&quot;}\">\n\t\t\t\t<\/div>\n\t\t\t\t\t<\/div>\n\t\t\t\t<\/section>\n\t\t<section class=\"elementor-element elementor-element-5c3b7c41 e-flex e-con-boxed e-con e-parent\" data-id=\"5c3b7c41\" data-element_type=\"container\">\n\t\t\t\t\t<div class=\"e-con-inner\">\n\t\t<div class=\"elementor-element elementor-element-191a4d22 e-con-full e-flex e-con e-child\" data-id=\"191a4d22\" data-element_type=\"container\" data-settings=\"{&quot;background_background&quot;:&quot;classic&quot;}\">\n\t\t\t\t<\/div>\n\t\t<div class=\"elementor-element elementor-element-3ec550c6 e-con-full e-flex e-con e-child\" data-id=\"3ec550c6\" data-element_type=\"container\">\n\t\t\t\t<div class=\"elementor-element elementor-element-66f6147b elementor-widget elementor-widget-heading\" data-id=\"66f6147b\" data-element_type=\"widget\" data-widget_type=\"heading.default\">\n\t\t\t\t<div class=\"elementor-widget-container\">\n\t\t\t\t\t<h2 class=\"elementor-heading-title elementor-size-default\">Pr\u00f3tese dent\u00e1ria<\/h2>\t\t\t\t<\/div>\n\t\t\t\t<\/div>\n\t\t\t\t<div class=\"elementor-element elementor-element-32cbdd7a elementor-widget elementor-widget-text-editor\" data-id=\"32cbdd7a\" data-element_type=\"widget\" data-widget_type=\"text-editor.default\">\n\t\t\t\t<div class=\"elementor-widget-container\">\n\t\t\t\t\t\t\t\t\t<h6><strong>O que \u00e9 a Prostodontia?<\/strong><\/h6>\n<p>Quando um dente est\u00e1 em falta ou muito danificado, \u00e9 essencial substitu\u00ed-lo ou restaur\u00e1-lo. Isto ir\u00e1 restaurar a beleza do sorriso, mas acima de tudo ir\u00e1 restaurar a fun\u00e7\u00e3o oral e evitar que os dentes se desloquem.<\/p>\n<h6>A quem se destina?<\/h6>\n<p>Falta um dente ou est\u00e1 muito danificado? Os nossos dentistas substituem-no ou restauram-no em condi\u00e7\u00f5es imbat\u00edveis. Desfrutar\u00e1s de um sorriso bonito e de um verdadeiro conforto quando comes. N\u00e3o te esque\u00e7as que, se tomares medidas atempadas, evitas que v\u00e1rios dentes se desloquem, o que pode ser dispendioso e desagrad\u00e1vel! Dentisteria est\u00e9tica de qualidade no Luxemburgo!<\/p>\n\t\t\t\t\t\t\t\t<\/div>\n\t\t\t\t<\/div>\n\t\t\t\t<div class=\"elementor-element elementor-element-55e11db7 elementor-widget elementor-widget-text-editor\" data-id=\"55e11db7\" data-element_type=\"widget\" data-widget_type=\"text-editor.default\">\n\t\t\t\t<div class=\"elementor-widget-container\">\n\t\t\t\t\t\t\t\t\t<p>O objetivo da pr\u00f3tese dent\u00e1ria \u00e9 restaurar os dentes ou substituir os dentes em falta por <a href=\"https:\/\/aresdental.lu\/pt-pt\/medicina-dentaria\/protese-dentaria\/\" target=\"_blank\" rel=\"noopener\">pr\u00f3teses<\/a>, pontes ou coroas.<\/p>\n\t\t\t\t\t\t\t\t<\/div>\n\t\t\t\t<\/div>\n\t\t\t\t<\/div>\n\t\t\t\t\t<\/div>\n\t\t\t\t<\/section>\n\t\t<section class=\"elementor-element elementor-element-3f871af e-flex e-con-boxed e-con e-parent\" data-id=\"3f871af\" data-element_type=\"container\">\n\t\t\t\t\t<div class=\"e-con-inner\">\n\t\t<div class=\"elementor-element elementor-element-29acf32 e-con-full e-flex e-con e-child\" data-id=\"29acf32\" data-element_type=\"container\">\n\t\t\t\t<div class=\"elementor-element elementor-element-362fa84 elementor-widget elementor-widget-heading\" data-id=\"362fa84\" data-element_type=\"widget\" data-widget_type=\"heading.default\">\n\t\t\t\t<div class=\"elementor-widget-container\">\n\t\t\t\t\t<h2 class=\"elementor-heading-title elementor-size-default\">Pr\u00f3tese fixa ou remov\u00edvel sobre implante dent\u00e1rio  <\/h2>\t\t\t\t<\/div>\n\t\t\t\t<\/div>\n\t\t\t\t<div class=\"elementor-element elementor-element-6740793 elementor-widget elementor-widget-text-editor\" data-id=\"6740793\" data-element_type=\"widget\" data-widget_type=\"text-editor.default\">\n\t\t\t\t<div class=\"elementor-widget-container\">\n\t\t\t\t\t\t\t\t\t<p>Existem dois tipos de pr\u00f3teses implanto-suportadas: fixas e remov\u00edveis. As pr\u00f3teses fixas, como as coroas, s\u00e3o colocadas permanentemente sobre implantes, enquanto as pr\u00f3teses remov\u00edveis t\u00eam de ser retiradas para limpeza ou durante o sono. A escolha de um ou de outro depende de uma s\u00e9rie de factores, que podemos discutir contigo.<\/p>\n\t\t\t\t\t\t\t\t<\/div>\n\t\t\t\t<\/div>\n\t\t\t\t<div class=\"elementor-element elementor-element-3a9ef72 elementor-widget elementor-widget-heading\" data-id=\"3a9ef72\" data-element_type=\"widget\" data-widget_type=\"heading.default\">\n\t\t\t\t<div class=\"elementor-widget-container\">\n\t\t\t\t\t<h2 class=\"elementor-heading-title elementor-size-default\">Pr\u00f3teses completas e parciais  <\/h2>\t\t\t\t<\/div>\n\t\t\t\t<\/div>\n\t\t\t\t<div class=\"elementor-element elementor-element-6e1e12f elementor-widget elementor-widget-text-editor\" data-id=\"6e1e12f\" data-element_type=\"widget\" data-widget_type=\"text-editor.default\">\n\t\t\t\t<div class=\"elementor-widget-container\">\n\t\t\t\t\t\t\t\t\t<p>As pr\u00f3teses parciais podem substituir um ou mais dentes. Est\u00e3o ligados aos dentes saud\u00e1veis vizinhos por pequenos ganchos. As pr\u00f3teses completas substituem todos os dentes naturais.<\/p>\n\t\t\t\t\t\t\t\t<\/div>\n\t\t\t\t<\/div>\n\t\t\t\t<\/div>\n\t\t<div class=\"elementor-element elementor-element-a5b20f9 e-con-full e-flex e-con e-child\" data-id=\"a5b20f9\" data-element_type=\"container\">\n\t\t\t\t<div class=\"elementor-element elementor-element-1a63bac elementor-widget elementor-widget-heading\" data-id=\"1a63bac\" data-element_type=\"widget\" data-widget_type=\"heading.default\">\n\t\t\t\t<div class=\"elementor-widget-container\">\n\t\t\t\t\t<h2 class=\"elementor-heading-title elementor-size-default\">Coroas e pontes  <\/h2>\t\t\t\t<\/div>\n\t\t\t\t<\/div>\n\t\t\t\t<div class=\"elementor-element elementor-element-646a0c6 elementor-widget elementor-widget-text-editor\" data-id=\"646a0c6\" data-element_type=\"widget\" data-widget_type=\"text-editor.default\">\n\t\t\t\t<div class=\"elementor-widget-container\">\n\t\t\t\t\t\t\t\t\t<p>Uma solu\u00e7\u00e3o de restaura\u00e7\u00e3o est\u00e9tica comprovada, as coroas s\u00e3o utilizadas para cobrir e proteger um dente danificado, enquanto as pontes s\u00e3o utilizadas para substituir um ou mais dentes em falta. Ambos os tratamentos s\u00e3o fixados de forma permanente na boca. Podem ser feitos de metal, porcelana ou de uma liga cer\u00e2mica-met\u00e1lica. No Cabinet dentaire, fazemos quest\u00e3o de garantir que beneficia da mais recente tecnologia.<\/p>\n\t\t\t\t\t\t\t\t<\/div>\n\t\t\t\t<\/div>\n\t\t\t\t<\/div>\n\t\t\t\t\t<\/div>\n\t\t\t\t<\/section>\n\t\t\t\t<\/div>\n\t\t","protected":false},"excerpt":{"rendered":"<p>Um grande sorriso come\u00e7a com um grande dentista Dentisteria operat\u00f3ria O nosso conceito de cirurgia dent\u00e1ria \u00e9: preven\u00e7\u00e3o para manter uma boa sa\u00fade oral. Tratamentos simples de c\u00e1ries feitos atempadamente podem poupar muitas despesas e inconvenientes mais tarde. N\u00e3o utiliza merc\u00fario no tratamento de obtura\u00e7\u00f5es de c\u00e1ries! Os nossos dentistas autorizados utilizam apenas comp\u00f3sitos de [&hellip;]<\/p>\n","protected":false},"author":2,"featured_media":0,"parent":3716,"menu_order":0,"comment_status":"closed","ping_status":"closed","template":"","meta":{"_acf_changed":false,"footnotes":""},"class_list":["post-6755","page","type-page","status-publish","hentry"],"acf":[],"yoast_head":"<!-- This site is optimized with the Yoast SEO plugin v24.6 - https:\/\/yoast.com\/wordpress\/plugins\/seo\/ -->\n<title>Medicina dent\u00e1ria - Ares Dental<\/title>\n<meta name=\"robots\" content=\"index, follow, max-snippet:-1, max-image-preview:large, max-video-preview:-1\" \/>\n<link rel=\"canonical\" href=\"https:\/\/aresdental.lu\/pt-pt\/medicina-dentaria\/medicina-dentaria-2\/\" \/>\n<meta property=\"og:locale\" content=\"pt_PT\" \/>\n<meta property=\"og:type\" content=\"article\" \/>\n<meta property=\"og:title\" content=\"Medicina dent\u00e1ria - Ares Dental\" \/>\n<meta property=\"og:description\" content=\"Um grande sorriso come\u00e7a com um grande dentista Dentisteria operat\u00f3ria O nosso conceito de cirurgia dent\u00e1ria \u00e9: preven\u00e7\u00e3o para manter uma boa sa\u00fade oral. Tratamentos simples de c\u00e1ries feitos atempadamente podem poupar muitas despesas e inconvenientes mais tarde. N\u00e3o utiliza merc\u00fario no tratamento de obtura\u00e7\u00f5es de c\u00e1ries! Os nossos dentistas autorizados utilizam apenas comp\u00f3sitos de [&hellip;]\" \/>\n<meta property=\"og:url\" content=\"https:\/\/aresdental.lu\/pt-pt\/medicina-dentaria\/medicina-dentaria-2\/\" \/>\n<meta property=\"og:site_name\" content=\"Ares Dental\" \/>\n<meta property=\"article:publisher\" content=\"https:\/\/www.facebook.com\/profile.php?id=100095503992930\" \/>\n<meta property=\"article:modified_time\" content=\"2025-01-29T08:18:00+00:00\" \/>\n<meta property=\"og:image\" content=\"https:\/\/aresdental.lu\/wp-content\/uploads\/2024\/03\/cabinetref.png\" \/>\n\t<meta property=\"og:image:width\" content=\"726\" \/>\n\t<meta property=\"og:image:height\" content=\"542\" \/>\n\t<meta property=\"og:image:type\" content=\"image\/png\" \/>\n<meta name=\"twitter:card\" content=\"summary_large_image\" \/>\n<meta name=\"twitter:label1\" content=\"Tempo estimado de leitura\" \/>\n\t<meta name=\"twitter:data1\" content=\"2 minutos\" \/>\n<script type=\"application\/ld+json\" class=\"yoast-schema-graph\">{\"@context\":\"https:\/\/schema.org\",\"@graph\":[{\"@type\":\"WebPage\",\"@id\":\"https:\/\/aresdental.lu\/pt-pt\/medicina-dentaria\/medicina-dentaria-2\/\",\"url\":\"https:\/\/aresdental.lu\/pt-pt\/medicina-dentaria\/medicina-dentaria-2\/\",\"name\":\"Medicina dent\u00e1ria - Ares Dental\",\"isPartOf\":{\"@id\":\"https:\/\/aresdental.lu\/pt-pt\/#website\"},\"datePublished\":\"2025-01-29T08:17:59+00:00\",\"dateModified\":\"2025-01-29T08:18:00+00:00\",\"breadcrumb\":{\"@id\":\"https:\/\/aresdental.lu\/pt-pt\/medicina-dentaria\/medicina-dentaria-2\/#breadcrumb\"},\"inLanguage\":\"pt-PT\",\"potentialAction\":[{\"@type\":\"ReadAction\",\"target\":[\"https:\/\/aresdental.lu\/pt-pt\/medicina-dentaria\/medicina-dentaria-2\/\"]}]},{\"@type\":\"BreadcrumbList\",\"@id\":\"https:\/\/aresdental.lu\/pt-pt\/medicina-dentaria\/medicina-dentaria-2\/#breadcrumb\",\"itemListElement\":[{\"@type\":\"ListItem\",\"position\":1,\"name\":\"Accueil\",\"item\":\"https:\/\/aresdental.lu\/pt-pt\/\"},{\"@type\":\"ListItem\",\"position\":2,\"name\":\"Medicina dent\u00e1ria\"}]},{\"@type\":\"WebSite\",\"@id\":\"https:\/\/aresdental.lu\/pt-pt\/#website\",\"url\":\"https:\/\/aresdental.lu\/pt-pt\/\",\"name\":\"Ares Dental\",\"description\":\"Centre dentaire Luxembourg - Dentiste sp\u00e9cialiste\",\"publisher\":{\"@id\":\"https:\/\/aresdental.lu\/pt-pt\/#organization\"},\"alternateName\":\"Ares Dental\",\"potentialAction\":[{\"@type\":\"SearchAction\",\"target\":{\"@type\":\"EntryPoint\",\"urlTemplate\":\"https:\/\/aresdental.lu\/pt-pt\/?s={search_term_string}\"},\"query-input\":{\"@type\":\"PropertyValueSpecification\",\"valueRequired\":true,\"valueName\":\"search_term_string\"}}],\"inLanguage\":\"pt-PT\"},{\"@type\":\"Organization\",\"@id\":\"https:\/\/aresdental.lu\/pt-pt\/#organization\",\"name\":\"Ares Dental\",\"alternateName\":\"Ares Dental\",\"url\":\"https:\/\/aresdental.lu\/pt-pt\/\",\"logo\":{\"@type\":\"ImageObject\",\"inLanguage\":\"pt-PT\",\"@id\":\"https:\/\/aresdental.lu\/pt-pt\/#\/schema\/logo\/image\/\",\"url\":\"https:\/\/aresdental.lu\/wp-content\/uploads\/2024\/03\/logosite.svg\",\"contentUrl\":\"https:\/\/aresdental.lu\/wp-content\/uploads\/2024\/03\/logosite.svg\",\"width\":113,\"height\":84,\"caption\":\"Ares Dental\"},\"image\":{\"@id\":\"https:\/\/aresdental.lu\/pt-pt\/#\/schema\/logo\/image\/\"},\"sameAs\":[\"https:\/\/www.facebook.com\/profile.php?id=100095503992930\",\"https:\/\/www.linkedin.com\/in\/ares-dental-4833b2287\",\"https:\/\/www.instagram.com\/aresdentalluxembourg\"]}]}<\/script>\n<!-- \/ Yoast SEO plugin. -->","yoast_head_json":{"title":"Medicina dent\u00e1ria - Ares Dental","robots":{"index":"index","follow":"follow","max-snippet":"max-snippet:-1","max-image-preview":"max-image-preview:large","max-video-preview":"max-video-preview:-1"},"canonical":"https:\/\/aresdental.lu\/pt-pt\/medicina-dentaria\/medicina-dentaria-2\/","og_locale":"pt_PT","og_type":"article","og_title":"Medicina dent\u00e1ria - Ares Dental","og_description":"Um grande sorriso come\u00e7a com um grande dentista Dentisteria operat\u00f3ria O nosso conceito de cirurgia dent\u00e1ria \u00e9: preven\u00e7\u00e3o para manter uma boa sa\u00fade oral. Tratamentos simples de c\u00e1ries feitos atempadamente podem poupar muitas despesas e inconvenientes mais tarde. N\u00e3o utiliza merc\u00fario no tratamento de obtura\u00e7\u00f5es de c\u00e1ries! Os nossos dentistas autorizados utilizam apenas comp\u00f3sitos de [&hellip;]","og_url":"https:\/\/aresdental.lu\/pt-pt\/medicina-dentaria\/medicina-dentaria-2\/","og_site_name":"Ares Dental","article_publisher":"https:\/\/www.facebook.com\/profile.php?id=100095503992930","article_modified_time":"2025-01-29T08:18:00+00:00","og_image":[{"width":726,"height":542,"url":"https:\/\/aresdental.lu\/wp-content\/uploads\/2024\/03\/cabinetref.png","type":"image\/png"}],"twitter_card":"summary_large_image","twitter_misc":{"Tempo estimado de leitura":"2 minutos"},"schema":{"@context":"https:\/\/schema.org","@graph":[{"@type":"WebPage","@id":"https:\/\/aresdental.lu\/pt-pt\/medicina-dentaria\/medicina-dentaria-2\/","url":"https:\/\/aresdental.lu\/pt-pt\/medicina-dentaria\/medicina-dentaria-2\/","name":"Medicina dent\u00e1ria - Ares Dental","isPartOf":{"@id":"https:\/\/aresdental.lu\/pt-pt\/#website"},"datePublished":"2025-01-29T08:17:59+00:00","dateModified":"2025-01-29T08:18:00+00:00","breadcrumb":{"@id":"https:\/\/aresdental.lu\/pt-pt\/medicina-dentaria\/medicina-dentaria-2\/#breadcrumb"},"inLanguage":"pt-PT","potentialAction":[{"@type":"ReadAction","target":["https:\/\/aresdental.lu\/pt-pt\/medicina-dentaria\/medicina-dentaria-2\/"]}]},{"@type":"BreadcrumbList","@id":"https:\/\/aresdental.lu\/pt-pt\/medicina-dentaria\/medicina-dentaria-2\/#breadcrumb","itemListElement":[{"@type":"ListItem","position":1,"name":"Accueil","item":"https:\/\/aresdental.lu\/pt-pt\/"},{"@type":"ListItem","position":2,"name":"Medicina dent\u00e1ria"}]},{"@type":"WebSite","@id":"https:\/\/aresdental.lu\/pt-pt\/#website","url":"https:\/\/aresdental.lu\/pt-pt\/","name":"Ares Dental","description":"Centre dentaire Luxembourg - Dentiste sp\u00e9cialiste","publisher":{"@id":"https:\/\/aresdental.lu\/pt-pt\/#organization"},"alternateName":"Ares Dental","potentialAction":[{"@type":"SearchAction","target":{"@type":"EntryPoint","urlTemplate":"https:\/\/aresdental.lu\/pt-pt\/?s={search_term_string}"},"query-input":{"@type":"PropertyValueSpecification","valueRequired":true,"valueName":"search_term_string"}}],"inLanguage":"pt-PT"},{"@type":"Organization","@id":"https:\/\/aresdental.lu\/pt-pt\/#organization","name":"Ares Dental","alternateName":"Ares Dental","url":"https:\/\/aresdental.lu\/pt-pt\/","logo":{"@type":"ImageObject","inLanguage":"pt-PT","@id":"https:\/\/aresdental.lu\/pt-pt\/#\/schema\/logo\/image\/","url":"https:\/\/aresdental.lu\/wp-content\/uploads\/2024\/03\/logosite.svg","contentUrl":"https:\/\/aresdental.lu\/wp-content\/uploads\/2024\/03\/logosite.svg","width":113,"height":84,"caption":"Ares Dental"},"image":{"@id":"https:\/\/aresdental.lu\/pt-pt\/#\/schema\/logo\/image\/"},"sameAs":["https:\/\/www.facebook.com\/profile.php?id=100095503992930","https:\/\/www.linkedin.com\/in\/ares-dental-4833b2287","https:\/\/www.instagram.com\/aresdentalluxembourg"]}]}},"_links":{"self":[{"href":"https:\/\/aresdental.lu\/pt-pt\/wp-json\/wp\/v2\/pages\/6755","targetHints":{"allow":["GET"]}}],"collection":[{"href":"https:\/\/aresdental.lu\/pt-pt\/wp-json\/wp\/v2\/pages"}],"about":[{"href":"https:\/\/aresdental.lu\/pt-pt\/wp-json\/wp\/v2\/types\/page"}],"author":[{"embeddable":true,"href":"https:\/\/aresdental.lu\/pt-pt\/wp-json\/wp\/v2\/users\/2"}],"replies":[{"embeddable":true,"href":"https:\/\/aresdental.lu\/pt-pt\/wp-json\/wp\/v2\/comments?post=6755"}],"version-history":[{"count":1,"href":"https:\/\/aresdental.lu\/pt-pt\/wp-json\/wp\/v2\/pages\/6755\/revisions"}],"predecessor-version":[{"id":6758,"href":"https:\/\/aresdental.lu\/pt-pt\/wp-json\/wp\/v2\/pages\/6755\/revisions\/6758"}],"up":[{"embeddable":true,"href":"https:\/\/aresdental.lu\/pt-pt\/wp-json\/wp\/v2\/pages\/3716"}],"wp:attachment":[{"href":"https:\/\/aresdental.lu\/pt-pt\/wp-json\/wp\/v2\/media?parent=6755"}],"curies":[{"name":"wp","href":"https:\/\/api.w.org\/{rel}","templated":true}]}}